{"id":1291,"date":"2013-06-27T19:10:12","date_gmt":"2013-06-27T19:10:12","guid":{"rendered":"http:\/\/zsrodowo.pl\/?page_id=1291"},"modified":"2013-06-27T19:10:12","modified_gmt":"2013-06-27T19:10:12","slug":"czytelnictwo-w-roku-szkolnym-20122013","status":"publish","type":"page","link":"http:\/\/zsrodowo.pl\/?page_id=1291","title":{"rendered":"Czytelnictwo w roku szkolnym 2012\/2013"},"content":{"rendered":"<p style=\"text-align: center;\"><strong>NAJLEPSI CZYTELNICY W ROKU SZKOLNYM 2012\/2013<\/strong><\/p>\n<p style=\"text-align: center;\"><strong><span style=\"text-decoration: underline;\">SZKO\u0141A PODSTAWOWA<\/span><\/strong><\/p>\n<p style=\"text-align: center;\"><span style=\"color: #008000;\">KLASA I<\/span><br \/>\n-W\u0105sik Dominika (69)<br \/>\n-Rabeszko Marika (65)<br \/>\n-Rulka Mateusz (59)<br \/>\n-Pieni\u0105\u017ckowska Ewa (58)<br \/>\n-Zakrzewski Jakub (48)<br \/>\n-Beksa Ola (41)<\/p>\n<p style=\"text-align: center;\"><span style=\"color: #008000;\">KLASA II<\/span><br \/>\n-Chrostek Ula (95)<br \/>\n-Rabeszko Roksana (90)<br \/>\n-Gdula Andrzej (45)<br \/>\n-Zakrzewska Amelka (42)<br \/>\n-Wr\u00f3blewska Julianna (40)<\/p>\n<p style=\"text-align: center;\"><span style=\"color: #008000;\">KLASA III<\/span><br \/>\n-Mueller Maja (42)<br \/>\n-Sowi\u0144ska Martyna (26)<br \/>\n-Pieni\u0105\u017ckowski Micha\u0142 (19)<br \/>\n-\u0141ukasiak Weronika (16)<br \/>\n-Brzozowski Fabian (15)<\/p>\n<p style=\"text-align: center;\"><span style=\"color: #008000;\">KLASA IV<\/span><br \/>\n-Chrostek Daniel (26)<br \/>\n-Lewandowska Ewelina (23)<br \/>\n-Bakaj Jakub (22)<br \/>\n-Beksa Martyna (20)<br \/>\n-Wojta\u015b Michalina (17)<\/p>\n<p style=\"text-align: center;\"><span style=\"color: #008000;\">KLASA V<\/span><br \/>\n-Mueller Dawid (29)<br \/>\n-Lenartowicz Magda (21)<br \/>\n-Trawi\u0144ska Paulina (19)\n<\/p>\n<p style=\"text-align: center;\"><span style=\"color: #008000;\">KLASA VI<\/span><br \/>\n-Jarmosz Karolina (16)<\/p>\n<p style=\"text-align: center;\"><strong><span style=\"text-decoration: underline;\">GIMNAZJUM<\/span><\/strong><\/p>\n<p style=\"text-align: center;\"><span style=\"color: #008000;\">KLASA I<\/span><br \/>\n-Jankowska Natalia (33)<br \/>\n-Gajer Patryk (29)<br \/>\n-Mroczy\u0144ska Marta (23)<br \/>\n-Kierepka Ola (18)<br \/>\n-Lewandowska Alicja (16)\n<\/p>\n<p style=\"text-align: center;\"><span style=\"color: #008000;\">KLASA II<\/span><br \/>\n-Woronko Dorota (29)<br \/>\n-Kr\u00f3l Anna (22)<br \/>\n-Gosik Karolina (20)<br \/>\n-August\u00f3w Karolina (19)<br \/>\n-Pi\u00f3rkowska Dominika (17)<br \/>\n-Jurek Anna (16)\n<\/p>\n<p style=\"text-align: center;\"><span style=\"color: #008000;\">KLASA III<\/span><br \/>\n-\u0141azarczyk Karolina (33)<br \/>\n-Jarmosz Natalia (24)<br \/>\n-Laskowska Justyna (23)<\/p>\n","protected":false},"excerpt":{"rendered":"<p>NAJLEPSI CZYTELNICY W ROKU SZKOLNYM 2012\/2013 SZKO\u0141A PODSTAWOWA KLASA I -W\u0105sik Dominika (69) -Rabeszko Marika (65) -Rulka Mateusz (59) -Pieni\u0105\u017ckowska Ewa (58) -Zakrzewski Jakub (48) -Beksa Ola (41) KLASA II -Chrostek Ula (95) -Rabeszko Roksana (90) -Gdula Andrzej (45) -Zakrzewska &hellip; <a href=\"http:\/\/zsrodowo.pl\/?page_id=1291\">Czytaj dalej <span class=\"meta-nav\">&rarr;<\/span><\/a><\/p>\n","protected":false},"author":2,"featured_media":0,"parent":0,"menu_order":0,"comment_status":"closed","ping_status":"closed","template":"","meta":{"footnotes":""},"class_list":["post-1291","page","type-page","status-publish","hentry"],"_links":{"self":[{"href":"http:\/\/zsrodowo.pl\/index.php?rest_route=\/wp\/v2\/pages\/1291","targetHints":{"allow":["GET"]}}],"collection":[{"href":"http:\/\/zsrodowo.pl\/index.php?rest_route=\/wp\/v2\/pages"}],"about":[{"href":"http:\/\/zsrodowo.pl\/index.php?rest_route=\/wp\/v2\/types\/page"}],"author":[{"embeddable":true,"href":"http:\/\/zsrodowo.pl\/index.php?rest_route=\/wp\/v2\/users\/2"}],"replies":[{"embeddable":true,"href":"http:\/\/zsrodowo.pl\/index.php?rest_route=%2Fwp%2Fv2%2Fcomments&post=1291"}],"version-history":[{"count":2,"href":"http:\/\/zsrodowo.pl\/index.php?rest_route=\/wp\/v2\/pages\/1291\/revisions"}],"predecessor-version":[{"id":1295,"href":"http:\/\/zsrodowo.pl\/index.php?rest_route=\/wp\/v2\/pages\/1291\/revisions\/1295"}],"wp:attachment":[{"href":"http:\/\/zsrodowo.pl\/index.php?rest_route=%2Fwp%2Fv2%2Fmedia&parent=1291"}],"curies":[{"name":"wp","href":"https:\/\/api.w.org\/{rel}","templated":true}]}}