{"id":1438,"date":"2013-10-21T18:43:19","date_gmt":"2013-10-21T18:43:19","guid":{"rendered":"http:\/\/zsrodowo.pl\/?page_id=1438"},"modified":"2013-10-29T10:49:59","modified_gmt":"2013-10-29T10:49:59","slug":"projekt-edukacyjny-201213","status":"publish","type":"page","link":"http:\/\/zsrodowo.pl\/?page_id=1438","title":{"rendered":"Projekt edukacyjny 2012\/13"},"content":{"rendered":"<p style=\"text-align: justify;\">W nowej podstawie programowej w gimnazjum jako jeden ze sposob\u00f3w realizacji tre\u015bci wskazano metod\u0119 projektu edukacyjnego. Warunkiem uko\u0144czenia gimnazjum jest uczestnictwo uczni\u00f3w klasy II gimnazjum w projekcie. W roku szkolnym 2012\/2013 uczniowie naszego gimnazjum brali udzia\u0142 w nast\u0119puj\u0105cych projektach edukacyjnych:<\/p>\n<p>1. Matematyka- p. Dorota Chrostek &#8222;Jednostki wok\u00f3\u0142 nas&#8221;<br \/>\n2. J\u0119zyk polski- p. Beata Kami\u0144ska &#8222;Biografia Fryderyka Chopina&#8221;<\/p>\n<table style=\"width: 100%;\" border=\"0\">\n<tbody>\n<tr style=\"background-color: #ffffff;\">\n<td style=\"width: 90%;\"><span><em><\/em>Prezentacja multimedialna- &#8222;Jednostki wok\u00f3\u0142 nas&#8221;<\/span><\/td>\n<td style=\"width: 10%; text-align: left;\" colspan=\"2\"><a href=\"dokumenty\/projekt_edukacyjny\/2012_2013\/matematyka.pptx\"><img decoding=\"async\" alt=\"\" src=\"dokumenty\/grafika\/\/graf\/ikonka_ppt.gif\" \/><\/a><\/td>\n<\/tr>\n<tr style=\"background-color: #ffffff;\">\n<td style=\"width: 90%;\"><span>Prezentacja multimedialna- &#8222;Pan Chopin<\/span><span>&#8222;<\/span><\/td>\n<td style=\"width: 10%; text-align: left;\" colspan=\"2\"><a href=\"dokumenty\/projekt_edukacyjny\/2012_2013\/pan_chopin.pptx\"><img decoding=\"async\" alt=\"\" src=\"dokumenty\/grafika\/\/graf\/ikonka_ppt.gif\" \/><\/a><\/td>\n<\/tr>\n<\/tbody>\n<\/table>\n","protected":false},"excerpt":{"rendered":"<p>W nowej podstawie programowej w gimnazjum jako jeden ze sposob\u00f3w realizacji tre\u015bci wskazano metod\u0119 projektu edukacyjnego. Warunkiem uko\u0144czenia gimnazjum jest uczestnictwo uczni\u00f3w klasy II gimnazjum w projekcie. W roku szkolnym 2012\/2013 uczniowie naszego gimnazjum brali udzia\u0142 w nast\u0119puj\u0105cych projektach edukacyjnych: &hellip; <a href=\"http:\/\/zsrodowo.pl\/?page_id=1438\">Czytaj dalej <span class=\"meta-nav\">&rarr;<\/span><\/a><\/p>\n","protected":false},"author":2,"featured_media":0,"parent":0,"menu_order":0,"comment_status":"closed","ping_status":"closed","template":"","meta":{"footnotes":""},"class_list":["post-1438","page","type-page","status-publish","hentry"],"_links":{"self":[{"href":"http:\/\/zsrodowo.pl\/index.php?rest_route=\/wp\/v2\/pages\/1438","targetHints":{"allow":["GET"]}}],"collection":[{"href":"http:\/\/zsrodowo.pl\/index.php?rest_route=\/wp\/v2\/pages"}],"about":[{"href":"http:\/\/zsrodowo.pl\/index.php?rest_route=\/wp\/v2\/types\/page"}],"author":[{"embeddable":true,"href":"http:\/\/zsrodowo.pl\/index.php?rest_route=\/wp\/v2\/users\/2"}],"replies":[{"embeddable":true,"href":"http:\/\/zsrodowo.pl\/index.php?rest_route=%2Fwp%2Fv2%2Fcomments&post=1438"}],"version-history":[{"count":3,"href":"http:\/\/zsrodowo.pl\/index.php?rest_route=\/wp\/v2\/pages\/1438\/revisions"}],"predecessor-version":[{"id":1449,"href":"http:\/\/zsrodowo.pl\/index.php?rest_route=\/wp\/v2\/pages\/1438\/revisions\/1449"}],"wp:attachment":[{"href":"http:\/\/zsrodowo.pl\/index.php?rest_route=%2Fwp%2Fv2%2Fmedia&parent=1438"}],"curies":[{"name":"wp","href":"https:\/\/api.w.org\/{rel}","templated":true}]}}