{"id":170,"date":"2012-02-14T12:26:36","date_gmt":"2012-02-14T12:26:36","guid":{"rendered":"http:\/\/zsrodowo.pl\/?page_id=170"},"modified":"2019-01-07T09:26:42","modified_gmt":"2019-01-07T09:26:42","slug":"projekt-edukacyjny-2010-2011","status":"publish","type":"page","link":"http:\/\/zsrodowo.pl\/?page_id=170","title":{"rendered":"Projekt edukacyjny 2010\/11"},"content":{"rendered":"<p style=\"text-align: justify;\">W nowej podstawie programowej w gimnazjum jako jeden ze sposob\u00f3w realizacji tre\u015bci wskazano metod\u0119 projektu edukacyjnego. Warunkiem uko\u0144czenia gimnazjum jest uczestnictwo uczni\u00f3w klasy II gimnazjum w projekcie. W roku szkolnym 2010\/2011 uczniowie naszego gimnazjum brali udzia\u0142 w trzech projektach edukacyjnych:<\/p>\n<p>1. J\u0119zyk polski- p. Joanna Stefanowska\u00a0 ,,Rodowo- spotkanie ze sztuk\u0105\u2019\u2019,<br \/>\n2. Biologia- p. Piotr Longinus\u00a0 ,,Walory \u015brodowiska przyrodniczego okolic Rodowa\u2019\u2019.<\/p>\n<p>&nbsp;<\/p>\n","protected":false},"excerpt":{"rendered":"<p>W nowej podstawie programowej w gimnazjum jako jeden ze sposob\u00f3w realizacji tre\u015bci wskazano metod\u0119 projektu edukacyjnego. Warunkiem uko\u0144czenia gimnazjum jest uczestnictwo uczni\u00f3w klasy II gimnazjum w projekcie. W roku szkolnym 2010\/2011 uczniowie naszego gimnazjum brali udzia\u0142 w trzech projektach edukacyjnych: &hellip; <a href=\"http:\/\/zsrodowo.pl\/?page_id=170\">Czytaj dalej <span class=\"meta-nav\">&rarr;<\/span><\/a><\/p>\n","protected":false},"author":2,"featured_media":0,"parent":0,"menu_order":0,"comment_status":"closed","ping_status":"closed","template":"","meta":{"footnotes":""},"class_list":["post-170","page","type-page","status-publish","hentry"],"_links":{"self":[{"href":"http:\/\/zsrodowo.pl\/index.php?rest_route=\/wp\/v2\/pages\/170","targetHints":{"allow":["GET"]}}],"collection":[{"href":"http:\/\/zsrodowo.pl\/index.php?rest_route=\/wp\/v2\/pages"}],"about":[{"href":"http:\/\/zsrodowo.pl\/index.php?rest_route=\/wp\/v2\/types\/page"}],"author":[{"embeddable":true,"href":"http:\/\/zsrodowo.pl\/index.php?rest_route=\/wp\/v2\/users\/2"}],"replies":[{"embeddable":true,"href":"http:\/\/zsrodowo.pl\/index.php?rest_route=%2Fwp%2Fv2%2Fcomments&post=170"}],"version-history":[{"count":9,"href":"http:\/\/zsrodowo.pl\/index.php?rest_route=\/wp\/v2\/pages\/170\/revisions"}],"predecessor-version":[{"id":3362,"href":"http:\/\/zsrodowo.pl\/index.php?rest_route=\/wp\/v2\/pages\/170\/revisions\/3362"}],"wp:attachment":[{"href":"http:\/\/zsrodowo.pl\/index.php?rest_route=%2Fwp%2Fv2%2Fmedia&parent=170"}],"curies":[{"name":"wp","href":"https:\/\/api.w.org\/{rel}","templated":true}]}}