{"id":2046,"date":"2015-04-10T21:46:23","date_gmt":"2015-04-10T21:46:23","guid":{"rendered":"http:\/\/zsrodowo.pl\/?page_id=2046"},"modified":"2015-06-15T07:17:07","modified_gmt":"2015-06-15T07:17:07","slug":"projekt-edukacyjny-201415","status":"publish","type":"page","link":"http:\/\/zsrodowo.pl\/?page_id=2046","title":{"rendered":"Projekt edukacyjny 2014\/15"},"content":{"rendered":"<p style=\"text-align: justify;\">W nowej podstawie programowej w gimnazjum jako jeden ze sposob\u00f3w realizacji tre\u015bci wskazano metod\u0119 projektu edukacyjnego. Warunkiem uko\u0144czenia gimnazjum jest uczestnictwo uczni\u00f3w klasy II gimnazjum w projekcie. W roku szkolnym 2014\/2015 uczniowie naszego gimnazjum brali udzia\u0142 w nast\u0119puj\u0105cych projektach edukacyjnych:<\/p>\n<p>1. Geografia- p. Bo\u017cena Wasilak &#8222;Gimnazjalisto- wyka\u017c si\u0119 wiedz\u0105 kto siedzi za wschodni\u0105 miedz\u0105&#8221;<\/p>\n<table style=\"width: 100%;\" border=\"0\">\n<tbody>\n<tr style=\"background-color: #ffffff;\">\n<td style=\"width: 90%;\">Prezentacja multimedialna- &#8222;Litwa- kraj po\u0142o\u017cony nad Ba\u0142tykiem&#8221;<\/td>\n<td style=\"width: 10%; text-align: left;\" colspan=\"2\"><a href=\"dokumenty\/projekt_edukacyjny\/2014_2015\/geografia\/litwa.pptx\"><img decoding=\"async\" src=\"dokumenty\/grafika\/\/graf\/ikonka_ppt.gif\" alt=\"\" \/><\/a><\/td>\n<\/tr>\n<tr style=\"background-color: #ffffff;\">\n<td style=\"width: 90%;\">Prezentacja multimedialna- &#8222;Bia\u0142oru\u015b- kraj bagien i \u0142\u0105k&#8221;<\/td>\n<td style=\"width: 10%; text-align: left;\" colspan=\"2\"><a href=\"dokumenty\/projekt_edukacyjny\/2014_2015\/geografia\/bialorus.pptx\"><img decoding=\"async\" src=\"dokumenty\/grafika\/\/graf\/ikonka_ppt.gif\" alt=\"\" \/><\/a><\/td>\n<\/tr>\n<tr style=\"background-color: #ffffff;\">\n<td style=\"width: 90%;\">Prezentacja multimedialna-Ukraina- kraj czarnoziem\u00f3w \u017celaza, w\u0119gla i uranu<\/td>\n<td style=\"width: 10%; text-align: left;\" colspan=\"2\"><a href=\"dokumenty\/projekt_edukacyjny\/2014_2015\/geografia\/ukraina.pptx\"><img decoding=\"async\" src=\"dokumenty\/grafika\/\/graf\/ikonka_ppt.gif\" alt=\"\" \/><\/a><\/td>\n<\/tr>\n<\/tbody>\n<\/table>\n<p>2. Religia- ks. Dariusz Polak &#8222;\u015aladami \u015aw. Stanis\u0142awa Kostki&#8221;<\/p>\n<table style=\"width: 100%;\" border=\"0\">\n<tbody>\n<tr style=\"background-color: #ffffff;\">\n<td style=\"width: 90%;\">Prezentacja multimedialna- &#8222;\u015aladami \u015aw. Stanis\u0142awa Kostki&#8221;<\/td>\n<td style=\"width: 10%; text-align: left;\" colspan=\"2\"><a href=\"dokumenty\/projekt_edukacyjny\/2014_2015\/religia\/kostka.pptx\"><img decoding=\"async\" src=\"dokumenty\/grafika\/\/graf\/ikonka_ppt.gif\" alt=\"\" \/><\/a><\/td>\n<\/tr>\n<\/tbody>\n<\/table>\n<p>&nbsp;<\/p>\n","protected":false},"excerpt":{"rendered":"<p>W nowej podstawie programowej w gimnazjum jako jeden ze sposob\u00f3w realizacji tre\u015bci wskazano metod\u0119 projektu edukacyjnego. Warunkiem uko\u0144czenia gimnazjum jest uczestnictwo uczni\u00f3w klasy II gimnazjum w projekcie. W roku szkolnym 2014\/2015 uczniowie naszego gimnazjum brali udzia\u0142 w nast\u0119puj\u0105cych projektach edukacyjnych: &hellip; <a href=\"http:\/\/zsrodowo.pl\/?page_id=2046\">Czytaj dalej <span class=\"meta-nav\">&rarr;<\/span><\/a><\/p>\n","protected":false},"author":2,"featured_media":0,"parent":0,"menu_order":0,"comment_status":"closed","ping_status":"closed","template":"","meta":{"footnotes":""},"class_list":["post-2046","page","type-page","status-publish","hentry"],"_links":{"self":[{"href":"http:\/\/zsrodowo.pl\/index.php?rest_route=\/wp\/v2\/pages\/2046","targetHints":{"allow":["GET"]}}],"collection":[{"href":"http:\/\/zsrodowo.pl\/index.php?rest_route=\/wp\/v2\/pages"}],"about":[{"href":"http:\/\/zsrodowo.pl\/index.php?rest_route=\/wp\/v2\/types\/page"}],"author":[{"embeddable":true,"href":"http:\/\/zsrodowo.pl\/index.php?rest_route=\/wp\/v2\/users\/2"}],"replies":[{"embeddable":true,"href":"http:\/\/zsrodowo.pl\/index.php?rest_route=%2Fwp%2Fv2%2Fcomments&post=2046"}],"version-history":[{"count":6,"href":"http:\/\/zsrodowo.pl\/index.php?rest_route=\/wp\/v2\/pages\/2046\/revisions"}],"predecessor-version":[{"id":2107,"href":"http:\/\/zsrodowo.pl\/index.php?rest_route=\/wp\/v2\/pages\/2046\/revisions\/2107"}],"wp:attachment":[{"href":"http:\/\/zsrodowo.pl\/index.php?rest_route=%2Fwp%2Fv2%2Fmedia&parent=2046"}],"curies":[{"name":"wp","href":"https:\/\/api.w.org\/{rel}","templated":true}]}}