{"id":2794,"date":"2017-05-29T08:48:16","date_gmt":"2017-05-29T08:48:16","guid":{"rendered":"http:\/\/zsrodowo.pl\/?page_id=2794"},"modified":"2017-05-31T14:26:13","modified_gmt":"2017-05-31T14:26:13","slug":"poprawne-odpowiedzi-konkursu-nauczyciel-tez-czlowiek","status":"publish","type":"page","link":"http:\/\/zsrodowo.pl\/?page_id=2794","title":{"rendered":"Poprawne odpowiedzi Konkursu &#8222;Nauczyciel te\u017c cz\u0142owiek&#8221;."},"content":{"rendered":"<div class=\"qmn_question_answer qmn_question_answer_incorrect\">\n<p>Odrabianie prac domowych z matematyki by\u0142o znienawidzon\u0105 czynno\u015bci\u0105:<\/p>\n<p>Poprawna odpowied\u017a: p. Ma\u0142gorzaty Longinus<\/p>\n<\/div>\n<div class=\"qmn_question_answer qmn_question_answer_incorrect\">\n<hr \/>\n<p>Pan Andrzej To\u0142stik najbardziej ba\u0142 si\u0119 w dzieci\u0144stwie:<\/p>\n<p>Poprawna odpowied\u017a: swojej s\u0105siadki pani Danuty<\/p>\n<\/div>\n<div class=\"qmn_question_answer qmn_question_answer_incorrect\">\n<hr \/>\n<p>Ulubiona zabawka z dzieci\u0144stwa p. Adama Serafinowicza to:<\/p>\n<p>Poprawna odpowied\u017a: narty zrobione przez dziadka<\/p>\n<\/div>\n<div class=\"qmn_question_answer qmn_question_answer_incorrect\">\n<hr \/>\n<p>Rozpoznaj nauczyciela na zdj\u0119ciu.<br \/>\n<img decoding=\"async\" src=\"http:\/\/zsrodowo.pl\/wp-content\/uploads\/2017\/05\/5-188x300.png\" \/><\/p>\n<p>Poprawna odpowied\u017a: p. Anna Czarnecka<\/p>\n<\/div>\n<div class=\"qmn_question_answer qmn_question_answer_incorrect\">\n<hr \/>\n<p>Rozpoznaj nauczyciela na zdj\u0119ciu.<br \/>\n<img decoding=\"async\" src=\"http:\/\/zsrodowo.pl\/wp-content\/uploads\/2017\/05\/2-188x300.png\" \/><\/p>\n<p>Poprawna odpowied\u017a: p. Marcin Krajnik<\/p>\n<\/div>\n<div class=\"qmn_question_answer qmn_question_answer_incorrect\">\n<hr \/>\n<p>Rozpoznaj nauczyciela na zdj\u0119ciu.<br \/>\n<img decoding=\"async\" src=\"http:\/\/zsrodowo.pl\/wp-content\/uploads\/2017\/05\/13-188x300.png\" \/><\/p>\n<p>Poprawna odpowied\u017a: p. Katarzyna Kryszkiewicz-Michalska<\/p>\n<\/div>\n<div class=\"qmn_question_answer qmn_question_answer_incorrect\">\n<hr \/>\n<p>Szewczyk Dratewka by\u0142 ulubion\u0105 postaci\u0105 z bajki:<\/p>\n<p>Poprawna odpowied\u017a: p. Marcina K\u0142osi\u0144skiego<\/p>\n<\/div>\n<div class=\"qmn_question_answer qmn_question_answer_incorrect\">\n<hr \/>\n<p>Rozpoznaj nauczyciela na zdj\u0119ciu.<br \/>\n<img decoding=\"async\" src=\"http:\/\/zsrodowo.pl\/wp-content\/uploads\/2017\/05\/15-188x300.png\" \/><\/p>\n<p>Poprawna odpowied\u017a: p. Gra\u017cyna Drozdowska-Kot<\/p>\n<\/div>\n<div class=\"qmn_question_answer qmn_question_answer_incorrect\">\n<hr \/>\n<p>Pani Maria Gostomczyk chcia\u0142a zosta\u0107:<\/p>\n<p>Poprawna odpowied\u017a: piel\u0119gniark\u0105<\/p>\n<\/div>\n<div class=\"qmn_question_answer qmn_question_answer_incorrect\">\n<hr \/>\n<p>Rozpoznaj nauczyciela na zdj\u0119ciu.<br \/>\n<img decoding=\"async\" src=\"http:\/\/zsrodowo.pl\/wp-content\/uploads\/2017\/05\/10-188x300.png\" \/><\/p>\n<p>Poprawna odpowied\u017a: p. Edyta Kowalska<\/p>\n<\/div>\n<div class=\"qmn_question_answer qmn_question_answer_incorrect\">\n<hr \/>\n<p>Pani Bo\u017cena Niewulis, p. Marlena Kapica i p. Micha\u0142 Skowro\u0144ski najbardziej bali si\u0119:<\/p>\n<p>Poprawna odpowied\u017a: czarnej wo\u0142gi<\/p>\n<\/div>\n<div class=\"qmn_question_answer qmn_question_answer_incorrect\">\n<hr \/>\n<p>W Tczewie urodzi\u0142 si\u0119:<\/p>\n<p>Poprawna odpowied\u017a: Ks. Andrzej Mamajek<\/p>\n<\/div>\n<div class=\"qmn_question_answer qmn_question_answer_incorrect\">\n<hr \/>\n<p>Pani Marlena Kapica nie lubi\u0142a:<\/p>\n<p>Poprawna odpowied\u017a: zbiera\u0107 porzeczek i truskawek<\/p>\n<\/div>\n<div class=\"qmn_question_answer qmn_question_answer_incorrect\">\n<hr \/>\n<p>Rozpoznaj nauczyciela na zdj\u0119ciu.<br \/>\n<img decoding=\"async\" src=\"http:\/\/zsrodowo.pl\/wp-content\/uploads\/2017\/05\/12-188x300.png\" \/><\/p>\n<p>Poprawna odpowied\u017a: p. Bo\u017cena Niewulis<\/p>\n<\/div>\n<div class=\"qmn_question_answer qmn_question_answer_incorrect\">\n<hr \/>\n<p>Pani Bo\u017cena Wasilak najbardziej ba\u0142a si\u0119:<\/p>\n<p>Poprawna odpowied\u017a: ludzi z nog\u0105 w gipsie<\/p>\n<\/div>\n<div class=\"qmn_question_answer qmn_question_answer_incorrect\">\n<hr \/>\n<p>Idolem p. Micha\u0142a Skowro\u0144skiego by\u0142:<\/p>\n<p>Poprawna odpowied\u017a: koszykarz- Michael Jordan<\/p>\n<\/div>\n<div class=\"qmn_question_answer qmn_question_answer_incorrect\">\n<hr \/>\n<p>Je\u017adzi\u0107 na rowerze bardzo nie lubi\u0142a:<\/p>\n<p>Poprawna odpowied\u017a: p. Gra\u017cyna Drozdowska-Kot<\/p>\n<\/div>\n<div class=\"qmn_question_answer qmn_question_answer_incorrect\">\n<hr \/>\n<p>Pomoc w tapetowaniu \u015bcian by\u0142o najbardziej znienawidzon\u0105 czynno\u015bci\u0105:<\/p>\n<p>Poprawna odpowied\u017a: p. Micha\u0142a Skowro\u0144skiego<\/p>\n<\/div>\n<div class=\"qmn_question_answer qmn_question_answer_incorrect\">\n<hr \/>\n<p>Kto chcia\u0142 zosta\u0107 stra\u017cakiem?<\/p>\n<p>Poprawna odpowied\u017a: p. Bo\u017cena Wasilak<\/p>\n<\/div>\n<div class=\"qmn_question_answer qmn_question_answer_incorrect\">\n<hr \/>\n<p>Plastusiowy pami\u0119tnik by\u0142 ulubion\u0105 ksi\u0105\u017ck\u0105:<\/p>\n<p>Poprawna odpowied\u017a: p. El\u017cbiety Ambryszewskiej<\/p>\n<\/div>\n<div class=\"qmn_question_answer qmn_question_answer_incorrect\">\n<hr \/>\n<p>Rozpoznaj nauczyciela na zdj\u0119ciu.<br \/>\n<img decoding=\"async\" src=\"http:\/\/zsrodowo.pl\/wp-content\/uploads\/2017\/05\/8-188x300.png\" \/><\/p>\n<p>Poprawna odpowied\u017a: p. Beata Kami\u0144ska<\/p>\n<\/div>\n<div class=\"qmn_question_answer qmn_question_answer_incorrect\">\n<hr \/>\n<p>Kto chcia\u0142 zosta\u0107 ornitologiem?<\/p>\n<p>Poprawna odpowied\u017a: p. Piotr Longinus<\/p>\n<\/div>\n<div class=\"qmn_question_answer qmn_question_answer_incorrect\">\n<hr \/>\n<p>Rozpoznaj nauczyciela na zdj\u0119ciu.<br \/>\n<img decoding=\"async\" src=\"http:\/\/zsrodowo.pl\/wp-content\/uploads\/2017\/05\/11-188x300.png\" \/><\/p>\n<p>Poprawna odpowied\u017a: p. Micha\u0142 Skowronski<\/p>\n<\/div>\n<div class=\"qmn_question_answer qmn_question_answer_incorrect\">\n<hr \/>\n<p>Rockowa grupa Scorpions by\u0142a ulubionym zespo\u0142em:<\/p>\n<p>Poprawna odpowied\u017a: p. Doroty Chrostek<\/p>\n<\/div>\n<div class=\"qmn_question_answer qmn_question_answer_incorrect\">\n<hr \/>\n<p>\u017bo\u0142nierzem w doros\u0142ym \u017cyciu chcia\u0142 zosta\u0107:<\/p>\n<p>Poprawna odpowied\u017a: p. Marcin Krajnik<\/p>\n<\/div>\n<div class=\"qmn_question_answer qmn_question_answer_incorrect\">\n<hr \/>\n<p>Matematyki najbardziej lubi\u0142a si\u0119 uczy\u0107:<\/p>\n<p>Poprawna odpowied\u017a: p. Magdalena Czarnecka-Do\u0142\u0119gowska<\/p>\n<\/div>\n<div class=\"qmn_question_answer qmn_question_answer_incorrect\">\n<hr \/>\n<p>Rumcajs by\u0142 ulubion\u0105 postaci\u0105:<\/p>\n<p>Poprawna odpowied\u017a: p. Bo\u017ceny Wasilak<\/p>\n<\/div>\n<div class=\"qmn_question_answer qmn_question_answer_incorrect\">\n<hr \/>\n<p>Pilnowanie m\u0142odszego rodze\u0144stwa by\u0142o najwi\u0119ksz\u0105 kar\u0105 dla:<\/p>\n<p>Poprawna odpowied\u017a: p. El\u017cbiety Ambryszewskiej<\/p>\n<\/div>\n<div class=\"qmn_question_answer qmn_question_answer_incorrect\">\n<hr \/>\n<p>Rozpoznaj nauczyciela na zdj\u0119ciu.<br \/>\n<img decoding=\"async\" src=\"http:\/\/zsrodowo.pl\/wp-content\/uploads\/2017\/05\/6-188x300.png\" \/><\/p>\n<p>Poprawna odpowied\u017a: p. Magdalena Czarnecka-Do\u0142\u0119gowska<\/p>\n<\/div>\n<div class=\"qmn_question_answer qmn_question_answer_incorrect\">\n<hr \/>\n<p>Ulubiona ksi\u0105\u017cka z dzieci\u0144stwa p. Magdaleny Czarneckiej-Do\u0142\u0119gowskiej to:<\/p>\n<p>Poprawna odpowied\u017a: Ch\u0142opcy z placu broni<\/p>\n<\/div>\n<div class=\"qmn_question_answer qmn_question_answer_incorrect\">\n<hr \/>\n<p>Pan Marcin Krajnik najbardziej lubi\u0142 je\u015b\u0107:<\/p>\n<p>Poprawna odpowied\u017a: go\u0142\u0105bki<\/p>\n<\/div>\n<div class=\"qmn_question_answer qmn_question_answer_incorrect\">\n<hr \/>\n<p>Ulubion\u0105 ksi\u0105\u017cka p. Piotra Longinusa by\u0142a:<\/p>\n<p>Poprawna odpowied\u017a: Kuchnia polska<\/p>\n<\/div>\n<div class=\"qmn_question_answer qmn_question_answer_incorrect\">\n<hr \/>\n<p>Bruce Lee by\u0142 idolem:<\/p>\n<p>Poprawna odpowied\u017a: p. Marcina K\u0142osi\u0144skiego<\/p>\n<\/div>\n<div class=\"qmn_question_answer qmn_question_answer_incorrect\">\n<hr \/>\n<p>Pani Marta Galicka chcia\u0142a w dzieci\u0144stwie zosta\u0107:<\/p>\n<p>Poprawna odpowied\u017a: w\u0142a\u015bcicielem hotelu<\/p>\n<\/div>\n<div class=\"qmn_question_answer qmn_question_answer_incorrect\">\n<hr \/>\n<p>Janosik by\u0142 idolem:<\/p>\n<p>Poprawna odpowied\u017a: p. Adama Serafinowicza<\/p>\n<\/div>\n<div class=\"qmn_question_answer qmn_question_answer_incorrect\">\n<hr \/>\n<p>Michael Jackson by\u0142 idolem:<\/p>\n<p>Poprawna odpowied\u017a: p. Beaty Kami\u0144skiej<\/p>\n<\/div>\n<div class=\"qmn_question_answer qmn_question_answer_incorrect\">\n<hr \/>\n<p>Ulubiona potrawa z dzieci\u0144stwa Ks. Andrzeja Mamajka to:<\/p>\n<p>Poprawna odpowied\u017a: zupa mleczna<\/p>\n<\/div>\n<div class=\"qmn_question_answer qmn_question_answer_incorrect\">\n<hr \/>\n<p>Idolem p. Marcina Krajnika by\u0142:<\/p>\n<p>Poprawna odpowied\u017a: Rambo<\/p>\n<\/div>\n<div class=\"qmn_question_answer qmn_question_answer_incorrect\">\n<hr \/>\n<p>Policjantk\u0105 chcia\u0142a zosta\u0107:<\/p>\n<p>Poprawna odpowied\u017a: p. Anna Czarnecka<\/p>\n<\/div>\n<div class=\"qmn_question_answer qmn_question_answer_incorrect\">\n<hr \/>\n<p>Pani Gra\u017cyna Drozdowska-Kot w dzieci\u0144stwie marzy\u0142a o tym, \u017ceby zosta\u0107:<\/p>\n<p>Poprawna odpowied\u017a: piosenkark\u0105<\/p>\n<\/div>\n<div class=\"qmn_question_answer qmn_question_answer_incorrect\">\n<hr \/>\n<p>Pani Katarzyna Kryszkiewicz-Michalska bardzo ba\u0142a si\u0119:<\/p>\n<p>Poprawna odpowied\u017a: \u017cab<\/p>\n<\/div>\n<div class=\"qmn_question_answer qmn_question_answer_incorrect\">\n<hr \/>\n<p>Andrzej Piasek Piaseczny by\u0142 idolem z dzieci\u0144stwa:<\/p>\n<p>Poprawna odpowied\u017a: p. Magdaleny Czarneckiej-Do\u0142\u0119gowskiej<\/p>\n<\/div>\n<div class=\"qmn_question_answer qmn_question_answer_incorrect\">\n<hr \/>\n<p>Idolem p. Katarzyny Kryszkiewicz-Michalskiej by\u0142a:<\/p>\n<p>Poprawna odpowied\u017a: Natalia Oreiro<\/p>\n<\/div>\n<div class=\"qmn_question_answer qmn_question_answer_incorrect\">\n<hr \/>\n<p>Ulubiona postaci\u0105 z bajki p. Andrzeja To\u0142stika to:<\/p>\n<p>Poprawna odpowied\u017a: Gargamel<\/p>\n<\/div>\n<div class=\"qmn_question_answer qmn_question_answer_incorrect\">\n<hr \/>\n<p>Idolem p. Bo\u017ceny Niewulis by\u0142:<\/p>\n<p>Poprawna odpowied\u017a: pi\u0142karz Zbigniew Boniek<\/p>\n<\/div>\n<div class=\"qmn_question_answer qmn_question_answer_incorrect\">\n<hr \/>\n<p>Pani Anna Czarnecka najbardziej ba\u0142a si\u0119:<\/p>\n<p>Poprawna odpowied\u017a: \u015bmierci<\/p>\n<\/div>\n<div class=\"qmn_question_answer qmn_question_answer_incorrect\">\n<hr \/>\n<p>Ulubiona potrawa z dzieci\u0144stwa p. Doroty Chrostek to:<\/p>\n<p>Poprawna odpowied\u017a: cebula z sol\u0105 i octem<\/p>\n<\/div>\n<div class=\"qmn_question_answer qmn_question_answer_incorrect\">\n<hr \/>\n<p>W Skrwilnie urodzi\u0142a si\u0119:<\/p>\n<p>Poprawna odpowied\u017a: p. Maria Gostomczyk<\/p>\n<\/div>\n<div class=\"qmn_question_answer qmn_question_answer_incorrect\">\n<hr \/>\n<p>Buki (postaci z Mumink\u00f3w) ba\u0142a si\u0119:<\/p>\n<p>Poprawna odpowied\u017a: p. Edyta Kowalska<\/p>\n<\/div>\n<div class=\"qmn_question_answer qmn_question_answer_incorrect\">\n<hr \/>\n<p>Rozpoznaj nauczyciela na zdj\u0119ciu.<br \/>\n<img decoding=\"async\" src=\"http:\/\/zsrodowo.pl\/wp-content\/uploads\/2017\/05\/4-188x300.png\" \/><\/p>\n<p>Poprawna odpowied\u017a: p. El\u017cbieta Ambryszewska<\/p>\n<\/div>\n<div class=\"qmn_question_answer qmn_question_answer_incorrect\">\n<hr \/>\n<p>Pani Beata Kami\u0144ska w dzieci\u0144stwie najbardziej ba\u0142a si\u0119:<\/p>\n<p>Poprawna odpowied\u017a: w\u0105tr\u00f3bki na talerzu<\/p>\n<\/div>\n<div class=\"qmn_question_answer qmn_question_answer_incorrect\">\n<hr \/>\n<p>Kluski z makiem to ulubiona potrwa z dzieci\u0144stwa:<\/p>\n<p>Poprawna odpowied\u017a: p. Marty Galickiej<\/p>\n<\/div>\n<div class=\"qmn_question_answer qmn_question_answer_incorrect\">\n<hr \/>\n<p>Lekarzem weterynarii chcia\u0142a zosta\u0107:<\/p>\n<p>Poprawna odpowied\u017a: p. Marlena Kapica<\/p>\n<\/div>\n<div class=\"qmn_question_answer qmn_question_answer_incorrect\">\n<hr \/>\n<p>Ulubiona ksi\u0105\u017cka z dzieci\u0144stwa p. Adama Serafinowicza to:<\/p>\n<p>Poprawna odpowied\u017a: Janko Muzykant<\/p>\n<\/div>\n<div class=\"qmn_question_answer qmn_question_answer_incorrect\">\n<hr \/>\n<p>Ks. Andrzej Mamajek chcia\u0142 w doros\u0142ym \u017cyciu zosta\u0107:<\/p>\n<p>Poprawna odpowied\u017a: konstruktorem budowlanym<\/p>\n<\/div>\n<div class=\"qmn_question_answer qmn_question_answer_incorrect\">\n<hr \/>\n<p>Pi\u0142karzem od najm\u0142odszych lat chcia\u0142 zosta\u0107:<\/p>\n<p>Poprawna odpowied\u017a: p. Andrzej To\u0142stik<\/p>\n<\/div>\n<div class=\"qmn_question_answer qmn_question_answer_incorrect\">\n<hr \/>\n<p>Pani Gra\u017cyna Drozdowska-Kot w dzieci\u0144stwie najbardziej ba\u0142a si\u0119:<\/p>\n<p>Poprawna odpowied\u017a: koni<\/p>\n<\/div>\n<div class=\"qmn_question_answer qmn_question_answer_incorrect\">\n<hr \/>\n<p>Rozpoznaj nauczyciela na zdj\u0119ciu.<br \/>\n<img decoding=\"async\" src=\"http:\/\/zsrodowo.pl\/wp-content\/uploads\/2017\/05\/3-188x300.png\" \/><\/p>\n<p>Poprawna odpowied\u017a: p. Dorota Chrostek<\/p>\n<\/div>\n<div class=\"qmn_question_answer qmn_question_answer_incorrect\">\n<hr \/>\n<p>Czes\u0142aw Niemen by\u0142 ulubionym wykonawc\u0105:<\/p>\n<p>Poprawna odpowied\u017a: p. Anny Czarneckiej<\/p>\n<\/div>\n<div class=\"qmn_question_answer qmn_question_answer_incorrect\">\n<hr \/>\n<p>Pan Marcin K\u0142osi\u0144ski najbardziej ba\u0142 si\u0119:<\/p>\n<p>Poprawna odpowied\u017a: UFO<\/p>\n<\/div>\n<div class=\"qmn_question_answer qmn_question_answer_incorrect\">\n<hr \/>\n<p>Rozpoznaj nauczyciela na zdj\u0119ciu.<br \/>\n<img decoding=\"async\" src=\"http:\/\/zsrodowo.pl\/wp-content\/uploads\/2017\/05\/9-188x300.png\" \/><\/p>\n<p>Poprawna odpowied\u017a: p. Marlena Kapica<\/p>\n<\/div>\n<div class=\"qmn_question_answer qmn_question_answer_incorrect\">\n<hr \/>\n<p>Geografia by\u0142a w szkole ulubionym przedmiotem:<\/p>\n<p>Poprawna odpowied\u017a: p. Marty Galickiej<\/p>\n<\/div>\n<div class=\"qmn_question_answer qmn_question_answer_incorrect\">\n<hr \/>\n<p>Ulubionym przedmiotem szkolnym p. Ma\u0142gorzaty Longinus by\u0142a:<\/p>\n<p>Poprawna odpowied\u017a: muzyka<\/p>\n<\/div>\n<div class=\"qmn_question_answer qmn_question_answer_incorrect\">\n<hr \/>\n<p>Rozpoznaj nauczyciela na zdj\u0119ciu.<br \/>\n<img decoding=\"async\" src=\"http:\/\/zsrodowo.pl\/wp-content\/uploads\/2017\/05\/1-188x300.png\" \/><\/p>\n<p>Poprawna odpowied\u017a: p. Maria Gostomczyk<\/p>\n<\/div>\n<div class=\"qmn_question_answer qmn_question_answer_incorrect\">\n<hr \/>\n<p>Rozpoznaj nauczyciela na zdj\u0119ciu.<br \/>\n<img decoding=\"async\" src=\"http:\/\/zsrodowo.pl\/wp-content\/uploads\/2017\/05\/7-188x300.png\" \/><\/p>\n<p>Poprawna odpowied\u017a: p. Marta Galicka<\/p>\n<\/div>\n<div class=\"qmn_question_answer qmn_question_answer_incorrect\">\n<hr \/>\n<p>Sprz\u0105taczk\u0105 chcia\u0142a zosta\u0107:<\/p>\n<p>Poprawna odpowied\u017a: p. Ma\u0142gorzata Longinus<\/p>\n<\/div>\n<div class=\"qmn_question_answer qmn_question_answer_incorrect\">\n<hr \/>\n<p>Ulubiona ksi\u0105\u017cka z dzieci\u0144stwa p. Edyty Kowalskiej to:<\/p>\n<p>Poprawna odpowied\u017a: Vinnetou<\/p>\n<\/div>\n<div class=\"qmn_question_answer qmn_question_answer_incorrect\">\n<hr \/>\n<p>Rozpoznaj nauczyciela na zdj\u0119ciu.<br \/>\n<img decoding=\"async\" src=\"http:\/\/zsrodowo.pl\/wp-content\/uploads\/2017\/05\/14-188x300.png\" \/><\/p>\n<p>Poprawna odpowied\u017a: p. Ma\u0142gorzata Longinus<\/p>\n<\/div>\n<div class=\"qmn_question_answer qmn_question_answer_incorrect\">\n<hr \/>\n<p>Kt\u00f3ry z nauczycieli nienawidzi\u0142 w dzieci\u0144stwie sprz\u0105ta\u0107 swoich zabawek?<\/p>\n<p>Poprawna odpowied\u017a: p. Bo\u017cena Niewulis<\/p>\n<\/div>\n<div class=\"qmn_question_answer qmn_question_answer_incorrect\">\n<hr \/>\n<p>Pani Edyta Kowalska w dzieci\u0144stwie chcia\u0142a zosta\u0107:<\/p>\n<p>Poprawna odpowied\u017a: lekarzem<\/p>\n<\/div>\n","protected":false},"excerpt":{"rendered":"<p>Odrabianie prac domowych z matematyki by\u0142o znienawidzon\u0105 czynno\u015bci\u0105: Poprawna odpowied\u017a: p. Ma\u0142gorzaty Longinus Pan Andrzej To\u0142stik najbardziej ba\u0142 si\u0119 w dzieci\u0144stwie: Poprawna odpowied\u017a: swojej s\u0105siadki pani Danuty Ulubiona zabawka z dzieci\u0144stwa p. Adama Serafinowicza to: Poprawna odpowied\u017a: narty zrobione przez &hellip; <a href=\"http:\/\/zsrodowo.pl\/?page_id=2794\">Czytaj dalej <span class=\"meta-nav\">&rarr;<\/span><\/a><\/p>\n","protected":false},"author":3,"featured_media":0,"parent":0,"menu_order":0,"comment_status":"closed","ping_status":"closed","template":"","meta":{"footnotes":""},"class_list":["post-2794","page","type-page","status-publish","hentry"],"_links":{"self":[{"href":"http:\/\/zsrodowo.pl\/index.php?rest_route=\/wp\/v2\/pages\/2794","targetHints":{"allow":["GET"]}}],"collection":[{"href":"http:\/\/zsrodowo.pl\/index.php?rest_route=\/wp\/v2\/pages"}],"about":[{"href":"http:\/\/zsrodowo.pl\/index.php?rest_route=\/wp\/v2\/types\/page"}],"author":[{"embeddable":true,"href":"http:\/\/zsrodowo.pl\/index.php?rest_route=\/wp\/v2\/users\/3"}],"replies":[{"embeddable":true,"href":"http:\/\/zsrodowo.pl\/index.php?rest_route=%2Fwp%2Fv2%2Fcomments&post=2794"}],"version-history":[{"count":5,"href":"http:\/\/zsrodowo.pl\/index.php?rest_route=\/wp\/v2\/pages\/2794\/revisions"}],"predecessor-version":[{"id":2831,"href":"http:\/\/zsrodowo.pl\/index.php?rest_route=\/wp\/v2\/pages\/2794\/revisions\/2831"}],"wp:attachment":[{"href":"http:\/\/zsrodowo.pl\/index.php?rest_route=%2Fwp%2Fv2%2Fmedia&parent=2794"}],"curies":[{"name":"wp","href":"https:\/\/api.w.org\/{rel}","templated":true}]}}