{"id":281,"date":"2012-02-20T11:05:48","date_gmt":"2012-02-20T11:05:48","guid":{"rendered":"http:\/\/zsrodowo.pl\/?page_id=281"},"modified":"2013-04-08T10:08:18","modified_gmt":"2013-04-08T10:08:18","slug":"pedagog-szkolny","status":"publish","type":"page","link":"http:\/\/zsrodowo.pl\/?page_id=281","title":{"rendered":"Pedagog szkolny"},"content":{"rendered":"<p>Gra\u017cyna Drozdowska-Kot<\/p>\n<p>Nie ma problem\u00f3w wa\u017cnych i niewa\u017cnych &#8211; mo\u017cesz zwr\u00f3ci\u0107 si\u0119 do pedagoga szkolnego, gdy:<\/p>\n<ul>\n<li>czujesz, \u017ce nikt Ci\u0119 nie rozumie, jeste\u015b b\u0105d\u017a czujesz si\u0119 samotny,<\/li>\n<li>masz problemy rodzinne, znajdujesz si\u0119 w trudnej sytuacji materialnej,<\/li>\n<li>chcesz podzieli\u0107 si\u0119 swoj\u0105 rado\u015bci\u0105, sukcesem,<\/li>\n<li>chcia\u0142by\u015b z kim\u015b porozmawia\u0107,<\/li>\n<li>masz ciekawe pomys\u0142y, kt\u00f3rymi chcesz si\u0119 podzieli\u0107,<\/li>\n<li>przyjd\u017a tak\u017ce z ka\u017cd\u0105 spraw\u0105, z kt\u00f3r\u0105 sam nie potrafisz sobie poradzi\u0107.<\/li>\n<\/ul>\n<p>Rodzice, skontaktujcie si\u0119 z pedagogiem gdy:<\/p>\n<ul>\n<li>niepokoi Was zachowanie dziecka,<\/li>\n<li>zauwa\u017cacie u dziecka problemy w uczeniu si\u0119, w zachowaniu,<\/li>\n<li>chcecie porozmawia\u0107 o dziecku i Waszych z nim relacjach,<\/li>\n<li>potrzebujecie wsparcia w procesie wychowania,<\/li>\n<li>macie pytania i nie wiecie do kogo zwr\u00f3ci\u0107 si\u0119 po pomoc,<\/li>\n<li>znajdujecie si\u0119 w trudnej sytuacji materialnej.<\/li>\n<\/ul>\n<p align=\"center\"><b>GODZINY PRACY PEDAGOGA SZKOLNEGO<\/b><\/p>\n<p style=\"text-align: center;\"><b>WTOREK <\/b><br \/>\n8.00 \u2013 12.30<br \/>\n<b>CZWARTEK <\/b><br \/>\n8.00 \u2013 13.30<\/p>\n<p>Przydatne strony internetowe:<\/p>\n<p>alkohol:<br \/>\n<a href=\"http:\/\/www.parpa.pl\/\" target=\"_blank\">www.parpa.pl<\/a><br \/>\n<a href=\"http:\/\/www.zdrowie.med.pl\/\" target=\"_blank\">www.zdrowie.med.pl<\/a><\/p>\n<p>narkotyki:<br \/>\n<a href=\"http:\/\/www.narkomania.org.pl\/\" target=\"_blank\">www.narkomania.org.pl<\/a><br \/>\n<a href=\"http:\/\/www.narkotyki.com.pl\/\" target=\"_blank\">www.narkotyki.com.pl<\/a><\/p>\n<p>przemoc:<br \/>\n<a href=\"http:\/\/www.niebieskalinia.pl\/\" target=\"_blank\">www.niebieskalinia.pl<\/a><br \/>\n<a href=\"http:\/\/www.parpa.pl\/\" target=\"_blank\">www.parpa.pl<\/a><\/p>\n<p>sekty:<br \/>\n<a href=\"http:\/\/www.kulty.info\/\" target=\"_blank\">www.kulty.info<\/a><br \/>\n<a href=\"http:\/\/www.sekty.net\/\" target=\"_blank\">www.sekty.net<\/a><\/p>\n<p>Telefon Zaufania &#8222;Anonimowy Przyjaciel&#8221; : 0 801 131 000, 058 301 0000<\/p>\n<p>Niebieska Linia dla dzieci, rodzic\u00f3w, ofiar przemocy,dla sprawc\u00f3w stosuj\u0105cych przemoc, \u015bwiadk\u00f3w tel. 0 801 120 002<\/p>\n<p><a href=\"http:\/\/www.niebieskalinia.pl\/\" target=\"_blank\">www.niebieskalinia.pl<\/a><br \/>\n<a href=\"http:\/\/www.interwencjakryzysowa.pl\/\" target=\"_blank\">www.interwencjakryzysowa.pl<\/a><\/p>\n<p>Pomara\u0144czowa Linia dla rodzic\u00f3w, kt\u00f3rych dzieci pij\u0105- tel. 0 801 140 068<\/p>\n<p><a href=\"http:\/\/www.psychologia.pl\" target=\"_blank\">www.psychologia.pl<\/a><\/p>\n<p>Telefon zaufania<\/p>\n<p>Je\u015bli masz problem, z kt\u00f3rym nie potrafisz sobie poradzi\u0107, nie wiesz do kogo si\u0119 z nim zwr\u00f3ci\u0107, zadzwo\u0144: 116 111 &#8211; og\u00f3lnopolski telefon zaufania dla dzieci i m\u0142odzie\u017cy.<\/p>\n<p>Mo\u017cesz dzwoni\u0107 w dni powszednie, od poniedzia\u0142ku do pi\u0105tku w godzinach od 12.00 do 20.00.<\/p>\n<p><a href=\"http:\/\/www.pomoctel.free.ngo.pl\/\" target=\"_blank\">http:\/\/pomoctel.free.ngo.pl<\/a><\/p>\n<p>e-mail:<br \/>\n<a href=\"mailto:pomoctel@free.ngo.pl\" target=\"_blank\">pomoctel@free.ngo.pl<\/a><br \/>\n<a href=\"mailto:pomoctel@op.pl\" target=\"_blank\">pomoctel@op.pl<\/a><br \/>\n<a href=\"mailto:telefon_zaufania@wp.pl\" target=\"_blank\">telefon_zaufania@wp.pl<\/a><\/p>\n<p>Poradniki dla rodzic\u00f3w:<\/p>\n<table style=\"width: 100%;\" border=\"0\">\n<tbody>\n<tr style=\"background-color: #ffffff;\">\n<td style=\"width: 90%;\">Jak budowa\u0107 poczucie w\u0142asnej warto\u015bci u dzieci?<\/td>\n<td style=\"width: 10%; text-align: left;\" colspan=\"2\"><a href=\"dokumenty\/pedagog\/poczucie_wartosci.doc\"><img decoding=\"async\" alt=\"\" src=\"dokumenty\/grafika\/\/graf\/ikonka_doc.gif\" \/><\/a><\/td>\n<\/tr>\n<tr style=\"background-color: #ffffff;\">\n<td style=\"width: 90%;\"><span>Jak motywowa\u0107 dziecko do nauki?<\/span><\/td>\n<td style=\"width: 10%; text-align: left;\" colspan=\"2\"><a href=\"dokumenty\/pedagog\/motywacja_do_nauki.doc\"><img decoding=\"async\" alt=\"\" src=\"dokumenty\/grafika\/\/graf\/ikonka_doc.gif\" \/><\/a><\/td>\n<\/tr>\n<\/tbody>\n<\/table>\n","protected":false},"excerpt":{"rendered":"<p>Gra\u017cyna Drozdowska-Kot Nie ma problem\u00f3w wa\u017cnych i niewa\u017cnych &#8211; mo\u017cesz zwr\u00f3ci\u0107 si\u0119 do pedagoga szkolnego, gdy: czujesz, \u017ce nikt Ci\u0119 nie rozumie, jeste\u015b b\u0105d\u017a czujesz si\u0119 samotny, masz problemy rodzinne, znajdujesz si\u0119 w trudnej sytuacji materialnej, chcesz podzieli\u0107 si\u0119 swoj\u0105 &hellip; <a href=\"http:\/\/zsrodowo.pl\/?page_id=281\">Czytaj dalej <span class=\"meta-nav\">&rarr;<\/span><\/a><\/p>\n","protected":false},"author":2,"featured_media":0,"parent":0,"menu_order":0,"comment_status":"closed","ping_status":"closed","template":"","meta":{"footnotes":""},"class_list":["post-281","page","type-page","status-publish","hentry"],"_links":{"self":[{"href":"http:\/\/zsrodowo.pl\/index.php?rest_route=\/wp\/v2\/pages\/281","targetHints":{"allow":["GET"]}}],"collection":[{"href":"http:\/\/zsrodowo.pl\/index.php?rest_route=\/wp\/v2\/pages"}],"about":[{"href":"http:\/\/zsrodowo.pl\/index.php?rest_route=\/wp\/v2\/types\/page"}],"author":[{"embeddable":true,"href":"http:\/\/zsrodowo.pl\/index.php?rest_route=\/wp\/v2\/users\/2"}],"replies":[{"embeddable":true,"href":"http:\/\/zsrodowo.pl\/index.php?rest_route=%2Fwp%2Fv2%2Fcomments&post=281"}],"version-history":[{"count":5,"href":"http:\/\/zsrodowo.pl\/index.php?rest_route=\/wp\/v2\/pages\/281\/revisions"}],"predecessor-version":[{"id":1139,"href":"http:\/\/zsrodowo.pl\/index.php?rest_route=\/wp\/v2\/pages\/281\/revisions\/1139"}],"wp:attachment":[{"href":"http:\/\/zsrodowo.pl\/index.php?rest_route=%2Fwp%2Fv2%2Fmedia&parent=281"}],"curies":[{"name":"wp","href":"https:\/\/api.w.org\/{rel}","templated":true}]}}