{"id":2813,"date":"2017-05-29T10:46:50","date_gmt":"2017-05-29T10:46:50","guid":{"rendered":"http:\/\/zsrodowo.pl\/?page_id=2813"},"modified":"2017-10-05T14:33:21","modified_gmt":"2017-10-05T14:33:21","slug":"projekt-edukacyjny-201617","status":"publish","type":"page","link":"http:\/\/zsrodowo.pl\/?page_id=2813","title":{"rendered":"Projekt edukacyjny 2016\/17"},"content":{"rendered":"<p style=\"text-align: justify;\">W nowej podstawie programowej w gimnazjum jako jeden ze sposob\u00f3w realizacji tre\u015bci wskazano metod\u0119 projektu edukacyjnego. Warunkiem uko\u0144czenia gimnazjum jest uczestnictwo uczni\u00f3w klasy II gimnazjum w projekcie. W roku szkolnym 2016\/2017 uczniowie naszego gimnazjum brali udzia\u0142 w nast\u0119puj\u0105cych projektach edukacyjnych:<\/p>\n<table style=\"width: 100%;\" border=\"0\">\n<tbody>\n<tr style=\"background-color: #ffffff;\">\n<td style=\"width: 90%;\">1. Informatyka- Konkurs internetowy &#8222;Nauczyciel te\u017c cz\u0142owiek- nawet by\u0142 kiedy\u015b dzieckiem&#8221;.<\/td>\n<td style=\"width: 10%; text-align: center;\" colspan=\"2\"><a href=\"http:\/\/zsrodowo.pl\/?p=2820\">relacja<\/a><\/td>\n<\/tr>\n<tr style=\"background-color: #ffffff;\">\n<td style=\"width: 90%;\">2. Prezentacja multimedialna- Projekt z fizyki<\/td>\n<td style=\"width: 10%; text-align: left;\" colspan=\"2\"><a href=\"http:\/\/zsrodowo.pl\/wp-content\/uploads\/2017\/05\/pe_fizyka_2017.ppsx\"><img decoding=\"async\" class=\"alignnone\" src=\"dokumenty\/grafika\/\/graf\/ikonka_ppt.gif\" alt=\"\" \/><\/a><\/td>\n<\/tr>\n<tr style=\"background-color: #ffffff;\">\n<td style=\"width: 90%;\">3. Projekt czytelniczy- Czy czytanie jest nam dzisiaj potrzebne?<\/td>\n<td style=\"width: 10%; text-align: left;\" colspan=\"2\"><a href=\"http:\/\/zsrodowo.pl\/wp-content\/uploads\/2017\/05\/projekt_czytelniczy_2016_2017.pptx\"><img decoding=\"async\" class=\"alignnone\" src=\"dokumenty\/grafika\/\/graf\/ikonka_ppt.gif\" alt=\"\" \/><\/a><\/td>\n<\/tr>\n<\/tbody>\n<\/table>\n<p>&nbsp;<\/p>\n<p>&nbsp;<\/p>\n","protected":false},"excerpt":{"rendered":"<p>W nowej podstawie programowej w gimnazjum jako jeden ze sposob\u00f3w realizacji tre\u015bci wskazano metod\u0119 projektu edukacyjnego. Warunkiem uko\u0144czenia gimnazjum jest uczestnictwo uczni\u00f3w klasy II gimnazjum w projekcie. W roku szkolnym 2016\/2017 uczniowie naszego gimnazjum brali udzia\u0142 w nast\u0119puj\u0105cych projektach edukacyjnych: &hellip; <a href=\"http:\/\/zsrodowo.pl\/?page_id=2813\">Czytaj dalej <span class=\"meta-nav\">&rarr;<\/span><\/a><\/p>\n","protected":false},"author":3,"featured_media":0,"parent":0,"menu_order":0,"comment_status":"closed","ping_status":"closed","template":"","meta":{"footnotes":""},"class_list":["post-2813","page","type-page","status-publish","hentry"],"_links":{"self":[{"href":"http:\/\/zsrodowo.pl\/index.php?rest_route=\/wp\/v2\/pages\/2813","targetHints":{"allow":["GET"]}}],"collection":[{"href":"http:\/\/zsrodowo.pl\/index.php?rest_route=\/wp\/v2\/pages"}],"about":[{"href":"http:\/\/zsrodowo.pl\/index.php?rest_route=\/wp\/v2\/types\/page"}],"author":[{"embeddable":true,"href":"http:\/\/zsrodowo.pl\/index.php?rest_route=\/wp\/v2\/users\/3"}],"replies":[{"embeddable":true,"href":"http:\/\/zsrodowo.pl\/index.php?rest_route=%2Fwp%2Fv2%2Fcomments&post=2813"}],"version-history":[{"count":4,"href":"http:\/\/zsrodowo.pl\/index.php?rest_route=\/wp\/v2\/pages\/2813\/revisions"}],"predecessor-version":[{"id":2933,"href":"http:\/\/zsrodowo.pl\/index.php?rest_route=\/wp\/v2\/pages\/2813\/revisions\/2933"}],"wp:attachment":[{"href":"http:\/\/zsrodowo.pl\/index.php?rest_route=%2Fwp%2Fv2%2Fmedia&parent=2813"}],"curies":[{"name":"wp","href":"https:\/\/api.w.org\/{rel}","templated":true}]}}