{"id":31,"date":"2012-02-09T18:31:26","date_gmt":"2012-02-09T18:31:26","guid":{"rendered":"http:\/\/zsrodowo.pl\/?page_id=31"},"modified":"2022-09-09T11:01:21","modified_gmt":"2022-09-09T11:01:21","slug":"kalendarz","status":"publish","type":"page","link":"http:\/\/zsrodowo.pl\/?page_id=31","title":{"rendered":"Kalendarz roku szkolnego 2022\/2023"},"content":{"rendered":"<table style=\"width: 100%; height: 912px;\" border=\"0\">\n<tbody>\n<tr style=\"background-color: #66551f;\">\n<td style=\"text-align: center; width: 107.656%; height: 24px;\" colspan=\"3\"><span style=\"color: #ffffff;\">Harmonogram pracy szko\u0142y<br \/>\n<\/span><\/td>\n<\/tr>\n<tr style=\"background-color: #819d32;\">\n<td style=\"width: 70%; text-align: center; height: 24px;\"><span style=\"font-size: small;\"><em>Wydarzenie<\/em><\/span><\/td>\n<td style=\"width: 37.6562%; text-align: left; height: 24px;\" colspan=\"2\"><span style=\"font-size: small;\"><em>Termin<\/em><\/span><\/td>\n<\/tr>\n<tr style=\"background-color: #ffffff;\">\n<td style=\"width: 70%; height: 24px;\"><em>Rozpocz\u0119cie zaj\u0119\u0107 dydaktyczno- wychowawczych<\/em><\/td>\n<td style=\"width: 37.6562%; text-align: left; height: 24px;\" colspan=\"2\"><\/td>\n<\/tr>\n<tr style=\"background-color: #ffffff;\">\n<td style=\"width: 70%; height: 24px;\"><em>Czytanie narodowe &#8222;Quo Vadis&#8221;<\/em><\/td>\n<td style=\"width: 37.6562%; text-align: left; height: 24px;\" colspan=\"2\"><\/td>\n<\/tr>\n<tr style=\"background-color: #ffffff;\">\n<td style=\"width: 70%; height: 24px;\"><em>Sprz\u0105tanie \u015bwiata<\/em><\/td>\n<td style=\"width: 37.6562%; text-align: left; height: 24px;\" colspan=\"2\"><\/td>\n<\/tr>\n<tr style=\"background-color: #ffffff;\">\n<td style=\"width: 70%; height: 24px;\"><em>\u015awi\u0119to pieczonego ziemniaka<\/em><\/td>\n<td style=\"width: 37.6562%; text-align: left; height: 24px;\" colspan=\"2\"><\/td>\n<\/tr>\n<tr style=\"background-color: #ffffff;\">\n<td style=\"width: 70%; height: 24px;\"><em>Dzie\u0144 Edukacji Narodowe <\/em><\/td>\n<td style=\"width: 37.6562%; text-align: left; height: 24px;\" colspan=\"2\"><\/td>\n<\/tr>\n<tr style=\"background-color: #ffffff;\">\n<td style=\"width: 70%; height: 72px;\">Obchody rocznicy nadania \u00a0imienia Szkole Podstawowej i Gimnazjum w Rodowie, \u015alubowanie klasy I<\/td>\n<td style=\"width: 37.6562%; text-align: left; height: 72px;\" colspan=\"2\"><\/td>\n<\/tr>\n<tr style=\"background-color: #ffffff;\">\n<td style=\"width: 70%; height: 24px;\"><em>Narodowe \u015awi\u0119to Niepodleg\u0142o\u015bci\u00a0<\/em><\/td>\n<td style=\"width: 37.6562%; text-align: left; height: 24px;\" colspan=\"2\"><\/td>\n<\/tr>\n<tr style=\"background-color: #ffffff;\">\n<td style=\"width: 70%; height: 24px;\"><em>Festiwal Pie\u015bni Patriotycznej<\/em><\/td>\n<td style=\"width: 37.6562%; text-align: left; height: 24px;\" colspan=\"2\"><\/td>\n<\/tr>\n<tr style=\"background-color: #ffffff;\">\n<td style=\"width: 70%; height: 24px;\"><em>Andrzejki<\/em><\/td>\n<td style=\"width: 37.6562%; text-align: left; height: 24px;\" colspan=\"2\"><\/td>\n<\/tr>\n<tr style=\"background-color: #ffffff;\">\n<td style=\"width: 70%; height: 24px;\"><em>Miko\u0142ajki szkolne<\/em><\/td>\n<td style=\"width: 37.6562%; text-align: left; height: 24px;\" colspan=\"2\"><\/td>\n<\/tr>\n<tr style=\"background-color: #ffffff;\">\n<td style=\"width: 70%; height: 24px;\"><em>Szkolne jase\u0142ka, Wigilie klasowe<\/em><\/td>\n<td style=\"width: 37.6562%; text-align: left; height: 24px;\" colspan=\"2\"><\/td>\n<\/tr>\n<tr style=\"background-color: #ffffff;\">\n<td style=\"width: 70%; height: 24px;\"><em>Zimowa przerwa \u015bwi\u0105teczna<\/em><\/td>\n<td style=\"width: 37.6562%; text-align: left; height: 24px;\" colspan=\"2\"><\/td>\n<\/tr>\n<tr style=\"background-color: #ffffff;\">\n<td style=\"width: 70%; height: 24px;\"><em>Gminny Przegl\u0105d Przedstawie\u0144 \u015awi\u0105tecznych<\/em><\/td>\n<td style=\"width: 37.6562%; text-align: left; height: 24px;\" colspan=\"2\"><\/td>\n<\/tr>\n<tr style=\"background-color: #ffffff;\">\n<td style=\"width: 70%; height: 24px;\"><em><em>Fina\u0142 WO\u015aP<\/em><\/em><\/td>\n<td style=\"width: 37.6562%; text-align: left; height: 24px;\" colspan=\"2\"><\/td>\n<\/tr>\n<tr style=\"background-color: #ffffff;\">\n<td style=\"width: 70%; height: 24px;\"><em>Zabawa karnawa\u0142owa<\/em><\/td>\n<td style=\"width: 37.6562%; text-align: left; height: 24px;\" colspan=\"2\"><\/td>\n<\/tr>\n<tr style=\"background-color: #ffffff;\">\n<td style=\"width: 70%; height: 24px;\"><em>Ferie zimowe<\/em><\/td>\n<td style=\"width: 37.6562%; text-align: left; height: 24px;\" colspan=\"2\"><\/td>\n<\/tr>\n<tr style=\"background-color: #ffffff;\">\n<td style=\"width: 70%; height: 24px;\"><em>Walentynki<\/em><\/td>\n<td style=\"width: 37.6562%; text-align: left; height: 24px;\" colspan=\"2\"><\/td>\n<\/tr>\n<tr style=\"background-color: #ffffff;\">\n<td style=\"width: 70%; height: 24px;\"><em>Mi\u0119dzynarodowy Dzie\u0144 Kobiet<br \/>\n<\/em><\/td>\n<td style=\"width: 37.6562%; text-align: left; height: 24px;\" colspan=\"2\"><\/td>\n<\/tr>\n<tr style=\"background-color: #ffffff;\">\n<td style=\"width: 70%; height: 24px;\"><em>Szkolny konkurs czytelniczy &#8222;Pi\u0119knie czytam&#8221;<\/em><\/td>\n<td style=\"width: 37.6562%; text-align: left; height: 24px;\" colspan=\"2\"><\/td>\n<\/tr>\n<tr style=\"background-color: #ffffff;\">\n<td style=\"width: 70%; height: 24px;\"><em>Wiosenna przerwa \u015bwi\u0105teczna<\/em><\/td>\n<td style=\"width: 37.6562%; text-align: left; height: 24px;\" colspan=\"2\"><\/td>\n<\/tr>\n<tr style=\"background-color: #ffffff;\">\n<td style=\"width: 70%; height: 24px;\"><em>Egzamin gimnazjalny cz\u0119\u015b\u0107 humanistyczna<br \/>\n<\/em><\/td>\n<td style=\"width: 37.6562%; text-align: left; height: 24px;\" colspan=\"2\"><\/td>\n<\/tr>\n<tr style=\"background-color: #ffffff;\">\n<td style=\"width: 70%; height: 24px;\"><em><em>Egzamin gimnazjalny cz\u0119\u015b\u0107 matematyczna<br \/>\n<\/em><\/em><\/td>\n<td style=\"width: 37.6562%; text-align: left; height: 24px;\" colspan=\"2\"><\/td>\n<\/tr>\n<tr style=\"background-color: #ffffff;\">\n<td style=\"width: 70%; height: 24px;\"><em><em>Egzamin gimnazjalny cz\u0119\u015b\u0107 j\u0119zykowa<br \/>\n<\/em><\/em><\/td>\n<td style=\"width: 37.6562%; text-align: left; height: 24px;\" colspan=\"2\"><\/td>\n<\/tr>\n<tr style=\"background-color: #ffffff;\">\n<td style=\"width: 70%; height: 24px;\"><em><em>Dzie\u0144 Flagi RP, \u015awi\u0119to Narodowe 3 Maja<\/em><\/em><\/td>\n<td style=\"width: 37.6562%; text-align: left; height: 24px;\" colspan=\"2\"><\/td>\n<\/tr>\n<tr style=\"background-color: #ffffff;\">\n<td style=\"width: 70%; height: 24px;\"><em><em>Badanie Trzecioklasisty<\/em><\/em><\/td>\n<td style=\"width: 37.6562%; text-align: left; height: 24px;\" colspan=\"2\"><\/td>\n<\/tr>\n<tr style=\"background-color: #ffffff;\">\n<td style=\"width: 70%; height: 24px;\"><em><em>Konkurs czytelniczy &#8222;Ksi\u0105\u017cka moim przyjacielem&#8221;<\/em><\/em><\/td>\n<td style=\"width: 37.6562%; text-align: left; height: 24px;\" colspan=\"2\"><\/td>\n<\/tr>\n<tr style=\"background-color: #ffffff;\">\n<td style=\"width: 70%; height: 24px;\"><em><em>Dzie\u0144 Matki<\/em><\/em><\/td>\n<td style=\"width: 37.6562%; text-align: left; height: 24px;\" colspan=\"2\"><\/td>\n<\/tr>\n<tr style=\"background-color: #ffffff;\">\n<td style=\"width: 70%; height: 24px;\"><em><em>Wawrzynek- Mi\u0119dzyszkolne Potyczki<\/em><\/em><\/td>\n<td style=\"width: 37.6562%; text-align: left; height: 24px;\" colspan=\"2\"><\/td>\n<\/tr>\n<tr style=\"background-color: #ffffff;\">\n<td style=\"width: 70%; height: 24px;\"><em><em>Dzie\u0144 otwarty szko\u0142y, <\/em><\/em><em><em>Dzie\u0144 sportu<\/em><\/em><\/td>\n<td style=\"width: 37.6562%; text-align: left; height: 24px;\" colspan=\"2\"><\/td>\n<\/tr>\n<tr style=\"background-color: #ffffff;\">\n<td style=\"width: 70%; height: 48px;\"><em>Zako\u0144czenie roku szkolnego klas III Gimnazjum i Oddzia\u0142u Przedszkolnego<br \/>\n<\/em><\/td>\n<td style=\"width: 37.6562%; text-align: left; height: 48px;\" colspan=\"2\"><\/td>\n<\/tr>\n<tr style=\"background-color: #ffffff;\">\n<td style=\"width: 70%; height: 24px;\"><em><em>Zako\u0144czenie roku szkolnego<\/em><\/em><\/td>\n<td style=\"text-align: left; width: 37.6562%; height: 24px;\" colspan=\"2\"><\/td>\n<\/tr>\n<tr style=\"background-color: #819d32; height: 24px;\">\n<td style=\"width: 70%; text-align: center; height: 24px;\" colspan=\"2\"><span style=\"font-size: small;\"><em>DODATKOWE DNI WOLNE OD ZAJ\u0118\u0106 DYDAKTYCZNO- WYCHOWAWCZYCH<\/em><\/span><\/td>\n<td style=\"width: 7.65625%; height: 24px;\"><\/td>\n<\/tr>\n<tr style=\"height: 24px;\">\n<td style=\"width: 70%; height: 24px; text-align: left;\"><span style=\"font-size: 12pt;\"><em>31.10.2022 r.<\/em><\/span><\/td>\n<td style=\"width: 30%; text-align: left; height: 24px;\"><\/td>\n<td style=\"width: 7.65625%; height: 24px;\"><\/td>\n<\/tr>\n<tr>\n<td style=\"width: 70%; text-align: left;\"><span style=\"font-size: 12pt;\"><em>02.05.2023 r.<\/em><\/span><\/td>\n<td style=\"width: 30%; text-align: left;\"><\/td>\n<td style=\"width: 7.65625%;\"><\/td>\n<\/tr>\n<tr>\n<td style=\"width: 70%; text-align: left;\"><span style=\"font-size: 12pt;\"><em>09.06.2023 r.<\/em><\/span><\/td>\n<td style=\"width: 30%; text-align: left;\"><\/td>\n<td style=\"width: 7.65625%;\"><\/td>\n<\/tr>\n<\/tbody>\n<\/table>\n<p><!--\n\n\n<table style=\"width: 100%;\" border=\"0\">\n\n\n<tbody>\n\n\n<tr style=\"background-color: #66551f;\">\n\n\n<td style=\"text-align: center;\" colspan=\"3\"><span style=\"color: #ffffff;\">Dni ustawowo wolne od pracy i nauki\n<\/span><\/td>\n\n\n<\/tr>\n\n\n\n\n<tr style=\"background-color: #819d32;\">\n\n\n<td style=\"width: 70%; text-align: center;\"><span style=\"font-size: small;\"><em>\u015awi\u0119to<\/em><\/span><\/td>\n\n\n\n\n<td style=\"width: 30%; text-align: left;\" colspan=\"2\"><span style=\"font-size: small;\"><em>Termin<\/em><\/span><\/td>\n\n\n<\/tr>\n\n\n\n\n<tr style=\"background-color: #ffffff;\">\n\n\n<td style=\"width: 70%;\"><em>Wszystkich \u015awi\u0119tych\n<\/em><\/td>\n\n\n\n\n<td style=\"width: 30%; text-align: left;\" colspan=\"2\"><em>01.11.2013.<\/em><\/td>\n\n\n<\/tr>\n\n\n\n\n<tr style=\"background-color: #ffffff;\">\n\n\n<td style=\"width: 70%;\"><em>Narodowe \u015awi\u0119to Niepodleg\u0142o\u015bci\n<\/em><\/td>\n\n\n\n\n<td style=\"width: 30%; text-align: left;\" colspan=\"2\"><em>11.11.2013.<\/em><\/td>\n\n\n<\/tr>\n\n\n\n\n<tr style=\"background-color: #ffffff;\">\n\n\n<td style=\"width: 70%;\"><em>Bo\u017ce Narodzenie\n<\/em><\/td>\n\n\n\n\n<td style=\"width: 30%; text-align: left;\" colspan=\"2\"><em>25-26.12.2013.<\/em><\/td>\n\n\n<\/tr>\n\n\n\n\n<tr style=\"background-color: #ffffff;\">\n\n\n<td style=\"width: 70%;\"><em>Nowy Rok\n<\/em><\/td>\n\n\n\n\n<td style=\"width: 30%; text-align: left;\" colspan=\"2\"><em>01.01.2014.<\/em><\/td>\n\n\n<\/tr>\n\n\n\n\n<tr style=\"background-color: #ffffff;\">\n\n\n<td style=\"width: 70%;\"><em>Trzech Kr\u00f3li\n<\/em><\/td>\n\n\n\n\n<td style=\"width: 30%; text-align: left;\" colspan=\"2\"><em>06.01.2014.<\/em><\/td>\n\n\n<\/tr>\n\n\n\n\n<tr style=\"background-color: #ffffff;\">\n\n\n<td style=\"width: 70%;\"><em>Poniedzia\u0142ek Wielkanocny\n<\/em><\/td>\n\n\n\n\n<td style=\"width: 30%; text-align: left;\" colspan=\"2\"><em>21.04.2014.<\/em><\/td>\n\n\n<\/tr>\n\n\n\n\n<tr style=\"background-color: #ffffff;\">\n\n\n<td style=\"width: 70%;\"><em>\u015awi\u0119to Pracy<\/em><\/td>\n\n\n\n\n<td style=\"width: 30%; text-align: left;\" colspan=\"2\"><em>01.05.2014.<\/em><\/td>\n\n\n<\/tr>\n\n\n\n\n<tr style=\"background-color: #ffffff;\">\n\n\n<td style=\"width: 70%;\"><em>\u015awi\u0119to Konstytucji 3 Maja<\/em><\/td>\n\n\n\n\n<td style=\"width: 30%; text-align: left;\" colspan=\"2\"><em>03.05.2014.<\/em><\/td>\n\n\n<\/tr>\n\n\n\n\n<tr style=\"background-color: #ffffff;\">\n\n\n<td style=\"width: 70%;\"><em>Bo\u017ce Cia\u0142o<\/em><\/td>\n\n\n\n\n<td style=\"width: 30%; text-align: left;\" colspan=\"2\"><em>19.06.2014.<\/em><\/td>\n\n\n<\/tr>\n\n\n<\/tbody>\n\n\n<\/table>\n\n\n\n\n<table style=\"width: 100%;\" border=\"0\">\n\n\n<tbody>\n\n\n<tr style=\"background-color: #66551f;\">\n\n\n<td style=\"text-align: center;\" colspan=\"3\"><span style=\"color: #ffffff;\">Dodatkowe dni wolne\n<\/span><\/td>\n\n\n<\/tr>\n\n\n\n\n<tr style=\"background-color: #819d32;\">\n\n\n<td style=\"width: 30; text-align: center;\"><span style=\"font-size: small;\"><em>Termin<\/em><\/span><\/td>\n\n\n\n\n<td style=\"width: 70%; text-align: left;\" colspan=\"2\"><span style=\"font-size: small;\"><em>Wydarzenie<\/em><\/span><\/td>\n\n\n<\/tr>\n\n\n\n\n<tr style=\"background-color: #ffffff;\">\n\n\n<td style=\"width: 30%;\"><em>01.04.2014.<\/em><\/td>\n\n\n\n\n<td style=\"width: 70%; text-align: left;\" colspan=\"2\"><em>Sprawdzian klasy VI<\/em><\/td>\n\n\n<\/tr>\n\n\n\n\n<tr style=\"background-color: #ffffff;\">\n\n\n<td style=\"width: 30%;\"><em>23-25.14.2014.<\/em><\/td>\n\n\n\n\n<td style=\"width: 70%; text-align: left;\" colspan=\"2\"><em>Egzamin klasy 3 Gimnazjum<\/em><\/td>\n\n\n<\/tr>\n\n\n\n\n<tr style=\"background-color: #ffffff;\">\n\n\n<td style=\"width: 30%;\"><em>02.05.2014.<\/em><\/td>\n\n\n\n\n<td style=\"width: 70%; text-align: left;\" colspan=\"2\"><em>do odpracowania 26.04.2014.<\/em><\/td>\n\n\n<\/tr>\n\n\n\n\n<tr style=\"background-color: #ffffff;\">\n\n\n<td style=\"width: 30%;\"><em>20.06.2014.<\/em><\/td>\n\n\n\n\n<td style=\"width: 70%; text-align: left;\" colspan=\"2\"><em>do odpracowania 31.05.2014.<\/em><\/td>\n\n\n<\/tr>\n\n\n<\/tbody>\n\n\n<\/table>\n\n\n--><\/p>\n","protected":false},"excerpt":{"rendered":"<p>Harmonogram pracy szko\u0142y Wydarzenie Termin Rozpocz\u0119cie zaj\u0119\u0107 dydaktyczno- wychowawczych Czytanie narodowe &#8222;Quo Vadis&#8221; Sprz\u0105tanie \u015bwiata \u015awi\u0119to pieczonego ziemniaka Dzie\u0144 Edukacji Narodowe Obchody rocznicy nadania \u00a0imienia Szkole Podstawowej i Gimnazjum w Rodowie, \u015alubowanie klasy I Narodowe \u015awi\u0119to Niepodleg\u0142o\u015bci\u00a0 Festiwal Pie\u015bni Patriotycznej &hellip; <a href=\"http:\/\/zsrodowo.pl\/?page_id=31\">Czytaj dalej <span class=\"meta-nav\">&rarr;<\/span><\/a><\/p>\n","protected":false},"author":2,"featured_media":0,"parent":0,"menu_order":0,"comment_status":"closed","ping_status":"closed","template":"","meta":{"footnotes":""},"class_list":["post-31","page","type-page","status-publish","hentry"],"_links":{"self":[{"href":"http:\/\/zsrodowo.pl\/index.php?rest_route=\/wp\/v2\/pages\/31","targetHints":{"allow":["GET"]}}],"collection":[{"href":"http:\/\/zsrodowo.pl\/index.php?rest_route=\/wp\/v2\/pages"}],"about":[{"href":"http:\/\/zsrodowo.pl\/index.php?rest_route=\/wp\/v2\/types\/page"}],"author":[{"embeddable":true,"href":"http:\/\/zsrodowo.pl\/index.php?rest_route=\/wp\/v2\/users\/2"}],"replies":[{"embeddable":true,"href":"http:\/\/zsrodowo.pl\/index.php?rest_route=%2Fwp%2Fv2%2Fcomments&post=31"}],"version-history":[{"count":29,"href":"http:\/\/zsrodowo.pl\/index.php?rest_route=\/wp\/v2\/pages\/31\/revisions"}],"predecessor-version":[{"id":2435,"href":"http:\/\/zsrodowo.pl\/index.php?rest_route=\/wp\/v2\/pages\/31\/revisions\/2435"}],"wp:attachment":[{"href":"http:\/\/zsrodowo.pl\/index.php?rest_route=%2Fwp%2Fv2%2Fmedia&parent=31"}],"curies":[{"name":"wp","href":"https:\/\/api.w.org\/{rel}","templated":true}]}}