{"id":3383,"date":"2019-03-04T10:23:02","date_gmt":"2019-03-04T10:23:02","guid":{"rendered":"http:\/\/zsrodowo.pl\/?page_id=3383"},"modified":"2020-03-02T17:22:47","modified_gmt":"2020-03-02T17:22:47","slug":"kontakt-i-adres-iod","status":"publish","type":"page","link":"http:\/\/zsrodowo.pl\/?page_id=3383","title":{"rendered":"RODO"},"content":{"rendered":"<h2>Kontakt i adres IOD<\/h2>\n<p>Inspektor Danych Osobowych:<br \/>\nKamila Wi\u015bniewska<br \/>\ne-mail: <a href=\"mailto:kamilawis.iod@gmail.com\">kamilawis.iod@gmail.com<\/a><\/p>\n<p>adres do korespondencji z IOD:<br \/>\nSzko\u0142a Podstawowa im. Kresowian w Rodowie<br \/>\nRodowo 14<br \/>\n82-550 Prabuty<\/p>\n<hr \/>\n<h2>RODO &#8211; obowi\u0105zek informacyjny<\/h2>\n<p style=\"text-align: justify;\">\n<strong><u>Klauzula informacyjna dotycz\u0105ca przetwarzania danych osobowych rodzic\u00f3w\/uczni\u00f3w.<\/u><\/strong><strong><u><\/p>\n<p><\/u><\/strong><\/p>\n<p style=\"text-align: justify;\">Zgodnie z art. 13 ust. 1 i ust. 2 Rozporz\u0105dzenia Parlamentu Europejskiego i Rady (UE) 2016\/679 z dnia 27 kwietnia 2016 r. w sprawie ochrony os\u00f3b fizycznych w zwi\u0105zku z przetwarzaniem danych osobowych i w sprawie swobodnego przep\u0142ywu takich danych oraz uchylenia dyrektywy 95\/46\/WE (og\u00f3lnego rozporz\u0105dzenia o ochronie danych) z dnia 27 kwietnia 2016 r. informujemy, i\u017c:<\/p>\n<p style=\"text-align: justify;\">Administratorem Pani\/Pana danych osobowych jest Szko\u0142a Podstawowa im. Kresowian w Rodowie.<\/p>\n<p style=\"text-align: justify;\">Z administratorem mo\u017cna kontaktowa\u0107 si\u0119 telefonicznie pod nr tel. 55 262 90 52, za po\u015brednictwem poczty elektronicznej\u00a0<em>zsrodowo@wp.pl<\/em>\u00a0oraz pisemnie lub osobi\u015bcie w siedzibie plac\u00f3wki.<\/p>\n<p style=\"text-align: justify;\">Wyznaczony zosta\u0142 Inspektor Ochrony Danych Osobowych, z kt\u00f3rym mo\u017cna si\u0119 kontaktowa\u0107 za po\u015brednictwem poczty elektronicznej:\u00a0<em>kamilawis.iod@gmail.com<\/em>\u00a0lub listownie na adres: Szko\u0142a Podstawowa im. Kresowian w Rodowie, Rodowo 14, 82-550 Prabuty.<\/p>\n<p style=\"text-align: justify;\">Pani\/Pana dane osobowe przetwarzane b\u0119d\u0105 w celu wype\u0142nienia obowi\u0105zku prawnego ci\u0105\u017c\u0105cego na Administratorze w zwi\u0105zku zrealizowaniem zada\u0144, wynikaj\u0105cych z przepis\u00f3w prawa oraz dzia\u0142alno\u015bci statutowej szko\u0142y na podstawie art. 6 ust. 1 lit. c og\u00f3lnego rozporz\u0105dzenia o ochronie danych z dnia 27 kwietnia 2016 r. oraz realizacji zawartych um\u00f3w na podstawie art. 6 ust. 1 lit. b og\u00f3lnego rozporz\u0105dzenia o ochronie danych z dnia 27 kwietnia 2016 r.<\/p>\n<p style=\"text-align: justify;\">W zakresie, w jakim obowi\u0105zek podania przez Pani\u0105\/Pana danych nie wynika z ustawy, pozosta\u0142e dane mog\u0105 by\u0107 przetwarzane na podstawie Pani\/Pana zgody, tj. art. 6 ust. 1 lit. a og\u00f3lnego rozporz\u0105dzenia o ochronie danych z dnia 27 kwietnia 2016 r.<\/p>\n<p style=\"text-align: justify;\">W zwi\u0105zku z przetwarzaniem danych w celu, o kt\u00f3rym mowa w pkt. 3 i 4 Pani\/Pana dane osobowe mog\u0105 by\u0107 udost\u0119pniane innym odbiorcom lub kategoriom odbiorc\u00f3w danych osobowych. Odbiorcami Pani\/Pana danych mog\u0105 by\u0107:<br \/>\n1. inne podmioty upowa\u017cnione do odbioru Pani\/Pana danych osobowych na podstawie odpowiednich przepis\u00f3w prawa,<br \/>\n2. inne podmioty, kt\u00f3re przetwarzaj\u0105 Pani\/Pana dane osobowe w imieniu Administratora na podstawie zawartej umowy powierzenia przetwarzania danych osobowych (tzw. podmioty przetwarzaj\u0105ce).<\/p>\n<p style=\"text-align: justify;\">Pani\/Pana dane osobowe b\u0119d\u0105 przetwarzane przez okres niezb\u0119dny do realizacji wskazanego w pkt. 3 i 4 celu przetwarzania, w tym r\u00f3wnie\u017c obowi\u0105zku archiwizacyjnego wynikaj\u0105cego z przepis\u00f3w prawa.<\/p>\n<p style=\"text-align: justify;\">Posiada Pani\/Pan prawo dost\u0119pu do tre\u015bci swoich danych oraz prawo ich sprostowania, usuni\u0119cia, ograniczenia przetwarzania, prawo do przenoszenia danych, prawo wniesienia sprzeciwu. W przypadku, w kt\u00f3rym przetwarzanie Pani\/Pana danych odbywa si\u0119 na podstawie zgody (tj. art. 6 ust. 1 lit. a og\u00f3lnego rozporz\u0105dzenia o ochronie danych z dnia 27 kwietnia 2016 r.), przys\u0142uguje Pani\/Panu prawo do cofni\u0119cia zgody w dowolnym momencie, bez wp\u0142ywu na zgodno\u015b\u0107 z prawem przetwarzania, kt\u00f3rego dokonano na podstawie zgody przed jej cofni\u0119ciem.<\/p>\n<p style=\"text-align: justify;\">Ma Pani\/Pan prawo wniesienia skargi do Prezesa Urz\u0119du Ochrony Danych Osobowych, gdy uzna Pani\/Pan, i\u017c przetwarzanie danych osobowych dotycz\u0105cych Pani\/Pana narusza przepisy og\u00f3lnego rozporz\u0105dzenia o ochronie danych osobowych z dnia 27 kwietnia 2016 r.<\/p>\n<p style=\"text-align: justify;\">Podanie przez Pani\u0105\/Pana danych osobowych jest obowi\u0105zkowe, je\u015bli tak zosta\u0142o okre\u015blone w przepisach prawa lub dobrowolne, je\u017celi odbywa si\u0119 na podstawie Pani\/Pana zgody lub ma na celu zawarcie umowy. Konsekwencj\u0105 niepodania danych mo\u017ce by\u0107 brak mo\u017cliwo\u015bci realizacji okre\u015blonych czynno\u015bci przez Administratora.<\/p>\n<p style=\"text-align: justify;\">Pani\/Pana dane osobowe nie s\u0105 przetwarzane w spos\u00f3b zautomatyzowany oraz nie podlegaj\u0105 profilowaniu.<\/p>\n<p>&nbsp;<\/p>\n","protected":false},"excerpt":{"rendered":"<p>Kontakt i adres IOD Inspektor Danych Osobowych: Kamila Wi\u015bniewska e-mail: kamilawis.iod@gmail.com adres do korespondencji z IOD: Szko\u0142a Podstawowa im. Kresowian w Rodowie Rodowo 14 82-550 Prabuty RODO &#8211; obowi\u0105zek informacyjny Klauzula informacyjna dotycz\u0105ca przetwarzania danych osobowych rodzic\u00f3w\/uczni\u00f3w. Zgodnie z art. &hellip; <a href=\"http:\/\/zsrodowo.pl\/?page_id=3383\">Czytaj dalej <span class=\"meta-nav\">&rarr;<\/span><\/a><\/p>\n","protected":false},"author":3,"featured_media":0,"parent":0,"menu_order":0,"comment_status":"closed","ping_status":"closed","template":"","meta":{"footnotes":""},"class_list":["post-3383","page","type-page","status-publish","hentry"],"_links":{"self":[{"href":"http:\/\/zsrodowo.pl\/index.php?rest_route=\/wp\/v2\/pages\/3383","targetHints":{"allow":["GET"]}}],"collection":[{"href":"http:\/\/zsrodowo.pl\/index.php?rest_route=\/wp\/v2\/pages"}],"about":[{"href":"http:\/\/zsrodowo.pl\/index.php?rest_route=\/wp\/v2\/types\/page"}],"author":[{"embeddable":true,"href":"http:\/\/zsrodowo.pl\/index.php?rest_route=\/wp\/v2\/users\/3"}],"replies":[{"embeddable":true,"href":"http:\/\/zsrodowo.pl\/index.php?rest_route=%2Fwp%2Fv2%2Fcomments&post=3383"}],"version-history":[{"count":7,"href":"http:\/\/zsrodowo.pl\/index.php?rest_route=\/wp\/v2\/pages\/3383\/revisions"}],"predecessor-version":[{"id":3742,"href":"http:\/\/zsrodowo.pl\/index.php?rest_route=\/wp\/v2\/pages\/3383\/revisions\/3742"}],"wp:attachment":[{"href":"http:\/\/zsrodowo.pl\/index.php?rest_route=%2Fwp%2Fv2%2Fmedia&parent=3383"}],"curies":[{"name":"wp","href":"https:\/\/api.w.org\/{rel}","templated":true}]}}