{"id":358,"date":"2012-02-28T10:52:10","date_gmt":"2012-02-28T10:52:10","guid":{"rendered":"http:\/\/zsrodowo.pl\/?page_id=358"},"modified":"2014-12-16T15:21:32","modified_gmt":"2014-12-16T15:21:32","slug":"nowosci-w-bibliotece","status":"publish","type":"page","link":"http:\/\/zsrodowo.pl\/?page_id=358","title":{"rendered":"Nowo\u015bci w bibliotece 2014\/2015"},"content":{"rendered":"<p>1. S\u0142ownik j\u0119zyka polskiego wydanie PWN 2014<br \/>\n2. K.O. Borchard &#8222;Znaczy kapitan&#8221; Wyd. Bernardinum 2014<br \/>\n3. Atlas \u015bwiata dla dzieci Wyd. Wilga 2014<br \/>\n4. Encyklopedia popularna PWN 2014<br \/>\n5. Wielki s\u0142ownik polsko-angielski Wyd. PWN Oxford 2014<br \/>\n6. Przewodnik\u2013 w\u0119z\u0142y bez tajemnic Wyd. Solis 2014<br \/>\n7. \u017baglowce. Historia. Technika. Charakterystyka jednostek Wyd. SBM 2014<br \/>\n8. O. Wilde &#8222;Szcz\u0119\u015bliwy Ksi\u0105\u017c\u0119&#8221; Oficyna Wydawnicza 2010<br \/>\n9. S\u0142ownik wsp\u00f3\u0142czesnego j\u0119zyka polskiego Wyd Readest Digest 2014<br \/>\n10. Dynastie Europy Wyd. SBM 2014<br \/>\n11. S\u0142ynne Muzea i Galerie  Wyd. SBM 2014<br \/>\n12. To wszystko cz\u0142owiek widzia\u0142 Wyd. Wschowa 2012<br \/>\n13. A. Zawilski &#8222;Zn\u00f3w o\u017cywi\u0105 kurhany&#8221; Wyd. S.U.O Z. 2013<br \/>\n14. &#8222;\u015awiat Kres\u00f3w&#8221; <\/p>\n<p><strong>KANON\u00a0 LEKTUR\u00a0 OBOWI\u0104ZKOWYCH DLA KLAS IV-VI SP<\/strong><\/p>\n<p>KLASA IV<\/p>\n<p>1. C.Collodi &#8222;PINOKIO&#8221;<br \/>\n2. R.Kipling &#8222;KSI\u0118GA D\u017bUNGLI&#8221;<br \/>\n3. C.S.Lewis &#8222;OPOWIE\u015aCI Z NARNII&#8221; cz. I<br \/>\n4. A.Szklarski &#8222;TOMEK W KRAINIE KANGUR\u00d3W&#8221;<br \/>\n5. Ks. J. Twardowski &#8222;ZESZYT W KRATK\u0118&#8221;<br \/>\n6. &#8222;BA\u015aNIE POLSKIE I INNYCH NAROD\u00d3W&#8221;<br \/>\n7. &#8222;LEGENDY POLSKIE&#8221;<\/p>\n<p>KLASA V<\/p>\n<p>1. F. Molnar &#8222;CH\u0141OPCY Z PLACU BRONI&#8221;<br \/>\n2. F. Hodgson Burnett &#8222;TAJEMNICZY OGR\u00d3D&#8221;<br \/>\n3. Eric \u2013Emmanuel Schmitt &#8222;OSKAR I PANI R\u00d3\u017bA&#8221;<\/p>\n<p>KLASA VI<\/p>\n<p>1. I .Jurgielewiczowa &#8222;TEN OBCY&#8221;<br \/>\n2. K.Makuszy\u0144ski &#8222;SZATAN Z SI\u00d3DMEJ KLASY&#8221;<br \/>\n3. L.M.Montgomery &#8222;ANIA Z ZIELONEGO WZG\u00d3RZA&#8221;<\/p>\n<p><strong><br \/>\n<\/strong><\/p>\n<p><strong>NOWY\u00a0 KANON\u00a0 LEKTUR\u00a0 OBOWI\u0104ZKOWYCH W GIMNAZJUM<\/strong><\/p>\n<p>KLASA I<\/p>\n<p>Adam Mickiewicz- ,,Dziady\u00a0 cz. II\u2019\u2019<br \/>\nAleksander Fredro- ,,Zemsta\u2019\u2019<br \/>\nBoles\u0142aw Prus- ,,Kamizelka\u2019\u2019<br \/>\nJan Kochanowski- ,,Fraszki\u2019\u2019 (wybrane)<br \/>\nIgnacy Krasicki- ,,Bajki\u2019\u2019\u00a0(wybrane)<br \/>\nAntonie de Saint Exupery- ,,Ma\u0142y Ksi\u0105\u017c\u0119\u201d<br \/>\nWilliam Szekspir- ,,Romeo i Julia\u2019\u2019<br \/>\nMa\u0142gorzata Musierowicz- ,,Kwiat Kalafiora\u2019\u2019<\/p>\n<p>KLASA II<\/p>\n<p>Henryk Sienkiewicz- ,,Krzy\u017cacy\u2018\u2019 lub ,,Quo vadis\u2019\u2019<br \/>\nHenryk Sienkiewicz- ,,Latarnik\u2019\u2019<br \/>\nAleksander Kami\u0144ski- ,,Kamienie na szaniec\u2019\u2019 lub ,,Dywizjon 303\u2019\u2019<br \/>\nIda Fink- ,,Wiosna 1941\u2019\u2019 (wyb\u00f3r opowiada\u0144)<br \/>\nJan Kochanowski- ,,Treny\u2019\u2019 (wybrane)<br \/>\nErnest Hemingway- ,,Stary cz\u0142owiek i morze\u2019\u2019<br \/>\nAgata Christie- ,,Kl\u0105twa starej str\u00f3\u017cki\u2019\u2019<br \/>\nS\u0142awomir Mro\u017cek\u2013 wybrane opowiadania<\/p>\n<p>KLASA III<\/p>\n<p>Juliusz\u00a0 S\u0142owacki- ,,Balladyna\u2019\u2019<br \/>\nEwa Nowak- ,,Yellow Bahama w pr\u0105\u017cki\u2019\u2019<br \/>\nAntonii Czechow- ,,\u015amier\u0107 urz\u0119dnika\u2018\u2019 i inne opowiadania<br \/>\nJohn R.R. Tolkien- ,,Hobbit, czyli tam i z powrotem\u2019\u2019<br \/>\nEric Emmanuel Schmitt- ,,Oskar i pani R\u00f3\u017ca\u2019\u2019<\/p>\n","protected":false},"excerpt":{"rendered":"<p>1. S\u0142ownik j\u0119zyka polskiego wydanie PWN 2014 2. K.O. Borchard &#8222;Znaczy kapitan&#8221; Wyd. Bernardinum 2014 3. Atlas \u015bwiata dla dzieci Wyd. Wilga 2014 4. Encyklopedia popularna PWN 2014 5. Wielki s\u0142ownik polsko-angielski Wyd. PWN Oxford 2014 6. Przewodnik\u2013 w\u0119z\u0142y bez &hellip; <a href=\"http:\/\/zsrodowo.pl\/?page_id=358\">Czytaj dalej <span class=\"meta-nav\">&rarr;<\/span><\/a><\/p>\n","protected":false},"author":2,"featured_media":0,"parent":0,"menu_order":0,"comment_status":"closed","ping_status":"closed","template":"","meta":{"footnotes":""},"class_list":["post-358","page","type-page","status-publish","hentry"],"_links":{"self":[{"href":"http:\/\/zsrodowo.pl\/index.php?rest_route=\/wp\/v2\/pages\/358","targetHints":{"allow":["GET"]}}],"collection":[{"href":"http:\/\/zsrodowo.pl\/index.php?rest_route=\/wp\/v2\/pages"}],"about":[{"href":"http:\/\/zsrodowo.pl\/index.php?rest_route=\/wp\/v2\/types\/page"}],"author":[{"embeddable":true,"href":"http:\/\/zsrodowo.pl\/index.php?rest_route=\/wp\/v2\/users\/2"}],"replies":[{"embeddable":true,"href":"http:\/\/zsrodowo.pl\/index.php?rest_route=%2Fwp%2Fv2%2Fcomments&post=358"}],"version-history":[{"count":9,"href":"http:\/\/zsrodowo.pl\/index.php?rest_route=\/wp\/v2\/pages\/358\/revisions"}],"predecessor-version":[{"id":1940,"href":"http:\/\/zsrodowo.pl\/index.php?rest_route=\/wp\/v2\/pages\/358\/revisions\/1940"}],"wp:attachment":[{"href":"http:\/\/zsrodowo.pl\/index.php?rest_route=%2Fwp%2Fv2%2Fmedia&parent=358"}],"curies":[{"name":"wp","href":"https:\/\/api.w.org\/{rel}","templated":true}]}}