{"id":37,"date":"2012-02-09T18:32:25","date_gmt":"2012-02-09T18:32:25","guid":{"rendered":"http:\/\/zsrodowo.pl\/?page_id=37"},"modified":"2022-10-07T07:00:37","modified_gmt":"2022-10-07T07:00:37","slug":"samorzad","status":"publish","type":"page","link":"http:\/\/zsrodowo.pl\/?page_id=37","title":{"rendered":"Samorz\u0105d Uczniowski"},"content":{"rendered":"<table style=\"width: 100%; height: 192px;\" border=\"0\">\n<tbody>\n<tr style=\"height: 24px;\">\n<td style=\"background-color: #819d32; width: 37.1875%; height: 24px;\">Przewodnicz\u0105cy:<\/td>\n<td style=\"background-color: #ffffff; width: 55%; height: 24px;\">Michalina Marzec kl. 4 SP<\/td>\n<td style=\"background-color: #ffffff; width: 7.65625%; height: 24px;\"><\/td>\n<\/tr>\n<tr style=\"height: 24px;\">\n<td style=\"background-color: #819d32; width: 37.1875%; height: 24px;\">Z-ca Przewodniczej:<\/td>\n<td style=\"background-color: #ffffff; width: 55%; height: 24px;\">Lena Boguszewicz kl. 8 SP<\/td>\n<td style=\"background-color: #ffffff; width: 7.65625%; height: 24px;\"><\/td>\n<\/tr>\n<tr style=\"height: 96px;\">\n<td style=\"background-color: #819d32; width: 37.1875%; height: 96px;\">Sk\u0142ad odpowiedzialny za przedszkole i klasy 1-4 SP:<\/td>\n<td style=\"background-color: #ffffff; width: 55%; height: 96px;\">Aleksandra Redzi\u0144ska kl. 8 SP,<br \/>\nArkadiusz Chrostek kl. 8 SP,<br \/>\nJulia Rabeszko kl. 8 SP,<br \/>\nNikola Jesionkowska kl. 8 SP.<\/td>\n<td style=\"background-color: #ffffff; width: 7.65625%; height: 96px;\"><\/td>\n<\/tr>\n<tr style=\"height: 24px;\">\n<td style=\"background-color: #819d32; width: 37.1875%; height: 24px;\">Sk\u0142ad odpowiedzialny za klasy 5-8 SP:<\/td>\n<td style=\"background-color: #ffffff; width: 55%; height: 24px;\">Kamila Kwiatkowska kl. 7 SP,<br \/>\nMartyna Maszota kl. 7 SP,<br \/>\nWiktoria Grzelak kl. 7 SP,<br \/>\nMarta Erwardt kl. 7 SP,<br \/>\nMaja S\u0142owicka kl. 7 SP.<\/td>\n<td style=\"background-color: #ffffff; width: 7.65625%; height: 24px;\"><\/td>\n<\/tr>\n<tr style=\"height: 24px;\">\n<td style=\"background-color: #819d32; width: 37.1875%; height: 24px;\">Opiekunowie SU:<\/td>\n<td style=\"background-color: #ffffff; width: 62.6562%; height: 24px;\" colspan=\"2\">p. Dorota Chrostek, p. Bo\u017cena Wasilak<\/td>\n<\/tr>\n<\/tbody>\n<\/table>\n<p><a href=\"http:\/\/zsrodowo.pl\/wp-content\/uploads\/2022\/10\/plan_pracy_SU_22_23.docx\">Plan pracy Samorz\u0105du Uczniowskiego<\/a><\/p>\n","protected":false},"excerpt":{"rendered":"<p>Przewodnicz\u0105cy: Michalina Marzec kl. 4 SP Z-ca Przewodniczej: Lena Boguszewicz kl. 8 SP Sk\u0142ad odpowiedzialny za przedszkole i klasy 1-4 SP: Aleksandra Redzi\u0144ska kl. 8 SP, Arkadiusz Chrostek kl. 8 SP, Julia Rabeszko kl. 8 SP, Nikola Jesionkowska kl. 8 &hellip; <a href=\"http:\/\/zsrodowo.pl\/?page_id=37\">Czytaj dalej <span class=\"meta-nav\">&rarr;<\/span><\/a><\/p>\n","protected":false},"author":2,"featured_media":0,"parent":0,"menu_order":0,"comment_status":"closed","ping_status":"closed","template":"","meta":{"footnotes":""},"class_list":["post-37","page","type-page","status-publish","hentry"],"_links":{"self":[{"href":"http:\/\/zsrodowo.pl\/index.php?rest_route=\/wp\/v2\/pages\/37","targetHints":{"allow":["GET"]}}],"collection":[{"href":"http:\/\/zsrodowo.pl\/index.php?rest_route=\/wp\/v2\/pages"}],"about":[{"href":"http:\/\/zsrodowo.pl\/index.php?rest_route=\/wp\/v2\/types\/page"}],"author":[{"embeddable":true,"href":"http:\/\/zsrodowo.pl\/index.php?rest_route=\/wp\/v2\/users\/2"}],"replies":[{"embeddable":true,"href":"http:\/\/zsrodowo.pl\/index.php?rest_route=%2Fwp%2Fv2%2Fcomments&post=37"}],"version-history":[{"count":43,"href":"http:\/\/zsrodowo.pl\/index.php?rest_route=\/wp\/v2\/pages\/37\/revisions"}],"predecessor-version":[{"id":2971,"href":"http:\/\/zsrodowo.pl\/index.php?rest_route=\/wp\/v2\/pages\/37\/revisions\/2971"}],"wp:attachment":[{"href":"http:\/\/zsrodowo.pl\/index.php?rest_route=%2Fwp%2Fv2%2Fmedia&parent=37"}],"curies":[{"name":"wp","href":"https:\/\/api.w.org\/{rel}","templated":true}]}}