{"id":387,"date":"2012-03-05T07:18:54","date_gmt":"2012-03-05T07:18:54","guid":{"rendered":"http:\/\/zsrodowo.pl\/?page_id=387"},"modified":"2012-03-05T09:18:57","modified_gmt":"2012-03-05T09:18:57","slug":"wolontariat-czlonkowie-20112012","status":"publish","type":"page","link":"http:\/\/zsrodowo.pl\/?page_id=387","title":{"rendered":"Wolontariat- cz\u0142onkowie 2011\/2012"},"content":{"rendered":"<p><strong>OPIEKUN- p. Marlena Kapica<\/strong><\/p>\n<ol>\n<li>Natalia K\u0119pka<\/li>\n<li>Patrycja Jarzynka<\/li>\n<li>Agnieszka Piotrowska<\/li>\n<li>\u0141ukasz Drza\u017cd\u017cewski<\/li>\n<li>Malwina Szyd\u0142owska<\/li>\n<li>Kamila Olejnik<\/li>\n<li>Kamil Kordalski<\/li>\n<li>Joanna Pietrasiak<\/li>\n<li>Damian Grabara<\/li>\n<li>Dawid Tatara<\/li>\n<li>Karolina \u0141azarczyk<\/li>\n<li>Natalia Jarmosz<\/li>\n<li>Dagmara Wojtysiak<\/li>\n<li>Justyna Laskowska<\/li>\n<li>Fryderyk Wojta\u015b<\/li>\n<li>Karolina Langmesser<\/li>\n<li>Damian St\u0119pie\u0144<\/li>\n<li>Monika Lechowska<\/li>\n<\/ol>\n","protected":false},"excerpt":{"rendered":"<p>OPIEKUN- p. Marlena Kapica Natalia K\u0119pka Patrycja Jarzynka Agnieszka Piotrowska \u0141ukasz Drza\u017cd\u017cewski Malwina Szyd\u0142owska Kamila Olejnik Kamil Kordalski Joanna Pietrasiak Damian Grabara Dawid Tatara Karolina \u0141azarczyk Natalia Jarmosz Dagmara Wojtysiak Justyna Laskowska Fryderyk Wojta\u015b Karolina Langmesser Damian St\u0119pie\u0144 Monika Lechowska<\/p>\n","protected":false},"author":2,"featured_media":0,"parent":0,"menu_order":0,"comment_status":"closed","ping_status":"closed","template":"","meta":{"footnotes":""},"class_list":["post-387","page","type-page","status-publish","hentry"],"_links":{"self":[{"href":"http:\/\/zsrodowo.pl\/index.php?rest_route=\/wp\/v2\/pages\/387","targetHints":{"allow":["GET"]}}],"collection":[{"href":"http:\/\/zsrodowo.pl\/index.php?rest_route=\/wp\/v2\/pages"}],"about":[{"href":"http:\/\/zsrodowo.pl\/index.php?rest_route=\/wp\/v2\/types\/page"}],"author":[{"embeddable":true,"href":"http:\/\/zsrodowo.pl\/index.php?rest_route=\/wp\/v2\/users\/2"}],"replies":[{"embeddable":true,"href":"http:\/\/zsrodowo.pl\/index.php?rest_route=%2Fwp%2Fv2%2Fcomments&post=387"}],"version-history":[{"count":8,"href":"http:\/\/zsrodowo.pl\/index.php?rest_route=\/wp\/v2\/pages\/387\/revisions"}],"predecessor-version":[{"id":446,"href":"http:\/\/zsrodowo.pl\/index.php?rest_route=\/wp\/v2\/pages\/387\/revisions\/446"}],"wp:attachment":[{"href":"http:\/\/zsrodowo.pl\/index.php?rest_route=%2Fwp%2Fv2%2Fmedia&parent=387"}],"curies":[{"name":"wp","href":"https:\/\/api.w.org\/{rel}","templated":true}]}}