{"id":635,"date":"2012-06-01T12:53:49","date_gmt":"2012-06-01T12:53:49","guid":{"rendered":"http:\/\/zsrodowo.pl\/?page_id=635"},"modified":"2013-06-27T18:55:02","modified_gmt":"2013-06-27T18:55:02","slug":"czytelnictwo-wroku-szkolnym-20112012","status":"publish","type":"page","link":"http:\/\/zsrodowo.pl\/?page_id=635","title":{"rendered":"Czytelnictwo w roku szkolnym 2011\/2012"},"content":{"rendered":"<p style=\"text-align: center;\">\n<p style=\"text-align: center;\"><strong>NAJLEPSI CZYTELNICY W ROKU SZKOLNYM 2011\/2012<\/strong><\/p>\n<p style=\"text-align: center;\"><strong><span style=\"text-decoration: underline;\">SZKO\u0141A PODSTAWOWA<\/span><\/strong><\/p>\n<p style=\"text-align: center;\"><span style=\"color: #008000;\">KLASA I<\/span><br \/>\n-Chrostek Ula<br \/>\n-Zakrzewska Amelka<br \/>\n-Rabeszko Roksana<br \/>\n-Felczak Piotr<\/p>\n<p style=\"text-align: center;\"><span style=\"color: #008000;\">KLASA II<\/span><br \/>\n-Mueller Maja<br \/>\n-Sowi\u0144ska Martyna<\/p>\n<p style=\"text-align: center;\"><span style=\"color: #008000;\">KLASA III<\/span><br \/>\n-Chrostek Daniel<br \/>\n-Kaniecka Ilona<br \/>\n-Bakaj Kuba<br \/>\n-Lewandowska Ewelina<\/p>\n<p style=\"text-align: center;\"><span style=\"color: #008000;\">KLASA IV<\/span><br \/>\n-Lenartowicz Magda<br \/>\n-Reszka Aneta<br \/>\n-Trawi\u0144ska Paulina<br \/>\n-P\u0105tkowski Sebastian<\/p>\n<p style=\"text-align: center;\"><span style=\"color: #008000;\">KLASA VI<\/span><br \/>\n-Chrostek Maryla<\/p>\n<p style=\"text-align: center;\">\n<p style=\"text-align: center;\"><strong><span style=\"text-decoration: underline;\">GIMNAZJUM<\/span><\/strong><\/p>\n<p style=\"text-align: center;\"><span style=\"color: #008000;\">KLASA I<\/span><br \/>\n-Kr\u00f3l Anna<br \/>\n-Jurek Anna<\/p>\n<p style=\"text-align: center;\"><span style=\"color: #008000;\">KLASA II<\/span><br \/>\n-Lechowska Monika<br \/>\n-Laskowska Justyna<br \/>\n-\u0141azarczyk Karolina<\/p>\n<p style=\"text-align: center;\"><span style=\"color: #008000;\">KLASA III<\/span><br \/>\n-Czarnecka Karolina<\/p>\n<p style=\"text-align: center;\"><span style=\"text-decoration: underline;\"><strong>MIEJSCA KLAS I-III SP<\/strong><\/span><\/p>\n<p style=\"text-align: center;\">I m.- KL. I 658 WYPO\u017bYCZE\u0143 (\u015aR- 59,8 na ucznia)<br \/>\nII m.- KL. II 212 WYPO\u017bYCZE\u0143 (\u015aR- 30,1 na ucznia)<br \/>\nIII m- KL. III 440 WYPO\u017bYCZE\u0143 (\u015aR\u2013 29,4 na ucznia)<\/p>\n<p style=\"text-align: center;\"><span style=\"text-decoration: underline;\"><strong>MIEJSCA KLAS IV- VI SP<\/strong><\/span><\/p>\n<p style=\"text-align: center;\">I m.- KL. IV 259 WYPO\u017bYCZE\u0143 (\u015aR\u2013 21,6 na ucznia)<br \/>\nII m.- KL. V 142 WYPO\u017bYCZE\u0143 (\u015aR- 14,2 na ucznia)<br \/>\nIII m.- KL. VI 108 WYPO\u017bYCZE\u0143 (\u015aR\u2013 8,3 na ucznia)<\/p>\n<p style=\"text-align: center;\"><span style=\"text-decoration: underline;\"><strong>MIEJSCA KLAS GIMNAZJUM<\/strong><\/span><\/p>\n<p style=\"text-align: center;\">I m.\u2013 KL. I G 283 WYPO\u017bYCZE\u0143 (\u015aR- 9,5 na ucznia)<br \/>\nII m.- KL.II G 208 WYPO\u017bYCZE\u0143 (\u015aR- 9,1 na ucznia)<br \/>\nIII m.- KL. III G 84 WYPO\u017bYCZE\u0143 (\u015aR- 5,6 na ucznia)<\/p>\n","protected":false},"excerpt":{"rendered":"<p>NAJLEPSI CZYTELNICY W ROKU SZKOLNYM 2011\/2012 SZKO\u0141A PODSTAWOWA KLASA I -Chrostek Ula -Zakrzewska Amelka -Rabeszko Roksana -Felczak Piotr KLASA II -Mueller Maja -Sowi\u0144ska Martyna KLASA III -Chrostek Daniel -Kaniecka Ilona -Bakaj Kuba -Lewandowska Ewelina KLASA IV -Lenartowicz Magda -Reszka Aneta &hellip; <a href=\"http:\/\/zsrodowo.pl\/?page_id=635\">Czytaj dalej <span class=\"meta-nav\">&rarr;<\/span><\/a><\/p>\n","protected":false},"author":2,"featured_media":0,"parent":0,"menu_order":0,"comment_status":"closed","ping_status":"closed","template":"","meta":{"footnotes":""},"class_list":["post-635","page","type-page","status-publish","hentry"],"_links":{"self":[{"href":"http:\/\/zsrodowo.pl\/index.php?rest_route=\/wp\/v2\/pages\/635","targetHints":{"allow":["GET"]}}],"collection":[{"href":"http:\/\/zsrodowo.pl\/index.php?rest_route=\/wp\/v2\/pages"}],"about":[{"href":"http:\/\/zsrodowo.pl\/index.php?rest_route=\/wp\/v2\/types\/page"}],"author":[{"embeddable":true,"href":"http:\/\/zsrodowo.pl\/index.php?rest_route=\/wp\/v2\/users\/2"}],"replies":[{"embeddable":true,"href":"http:\/\/zsrodowo.pl\/index.php?rest_route=%2Fwp%2Fv2%2Fcomments&post=635"}],"version-history":[{"count":6,"href":"http:\/\/zsrodowo.pl\/index.php?rest_route=\/wp\/v2\/pages\/635\/revisions"}],"predecessor-version":[{"id":1292,"href":"http:\/\/zsrodowo.pl\/index.php?rest_route=\/wp\/v2\/pages\/635\/revisions\/1292"}],"wp:attachment":[{"href":"http:\/\/zsrodowo.pl\/index.php?rest_route=%2Fwp%2Fv2%2Fmedia&parent=635"}],"curies":[{"name":"wp","href":"https:\/\/api.w.org\/{rel}","templated":true}]}}