{"id":800,"date":"2012-09-17T12:50:11","date_gmt":"2012-09-17T12:50:11","guid":{"rendered":"http:\/\/zsrodowo.pl\/?page_id=800"},"modified":"2012-09-17T15:04:30","modified_gmt":"2012-09-17T15:04:30","slug":"osiagniecia-sportowe-uczniow-w-roku-szkolnym-20112012","status":"publish","type":"page","link":"http:\/\/zsrodowo.pl\/?page_id=800","title":{"rendered":"Osi\u0105gni\u0119cia sportowe uczni\u00f3w w roku szkolnym 2011\/2012"},"content":{"rendered":"<table border=\"0\">\n<tbody>\n<tr style=\"background-color: #66551f;\">\n<td style=\"text-align: center;\" colspan=\"3\"><span style=\"color: #ffffff;\">osi\u0105gni\u0119cia indywidualne<br \/>\n<\/span><\/td>\n<\/tr>\n<tr style=\"background-color: #819d32;\">\n<td style=\"width: 30%;\"><span style=\"font-size: small;\"><em>Imi\u0119 i nazwisko<\/em><\/span><\/td>\n<td style=\"width: 10%;\"><span style=\"font-size: small;\"><em>miejsce\/szko\u0142a<\/em><\/span><\/td>\n<td style=\"width: 60%;\"><span style=\"font-size: small;\"><em>zawody<\/em><\/span><\/td>\n<\/tr>\n<tr style=\"background-color: #ffffff;\">\n<td style=\"width: 30%;\"><span style=\"font-size: small;\">Stanis\u0142aw D\u0105browski<\/span><\/td>\n<td style=\"width: 10%; text-align: center;\"><span style=\"font-size: small;\">\u00a02 SP<\/span><\/td>\n<td style=\"width: 60%;\"><span style=\"font-size: x-small;\">LIWA CUP<\/span><\/td>\n<\/tr>\n<tr style=\"background-color: #ffffff;\">\n<td style=\"width: 30%;\"><span style=\"font-size: small;\">Karolina Czarnecka<\/span><\/td>\n<td style=\"width: 10%; text-align: center;\"><span style=\"font-size: small;\">2 G<\/span><\/td>\n<td style=\"width: 60%;\"><span style=\"font-size: x-small;\">LIWA CUP<\/span><\/td>\n<\/tr>\n<tr style=\"background-color: #ffffff;\">\n<td style=\"width: 30%;\"><span style=\"font-size: small;\">Kinga\u00a0 Felczak<\/span><\/td>\n<td style=\"width: 10%; text-align: center;\"><span style=\"font-size: small;\">4 SP<\/span><\/td>\n<td style=\"width: 60%;\"><span style=\"font-size: x-small;\">LIWA\u00a0 CUP<\/span><\/td>\n<\/tr>\n<tr style=\"background-color: #ffffff;\">\n<td style=\"width: 30%;\"><span style=\"font-size: small;\">Stanis\u0142aw D\u0105browski<\/span><\/td>\n<td style=\"width: 10%; text-align: center;\"><span style=\"font-size: small;\">5 SP<\/span><\/td>\n<td style=\"width: 60%;\"><span style=\"font-size: x-small;\">Bieg Niepodleg\u0142o\u015bci Malbork<\/span><\/td>\n<\/tr>\n<tr style=\"background-color: #ffffff;\">\n<td style=\"width: 30%;\"><span style=\"font-size: small;\">Kinga Felczak<\/span><\/td>\n<td style=\"width: 10%; text-align: center;\"><span style=\"font-size: small;\">9 SP<\/span><\/td>\n<td style=\"width: 60%;\"><span style=\"font-size: x-small;\">Bieg Niepodleg\u0142o\u015bci Malbork<\/span><\/td>\n<\/tr>\n<tr style=\"background-color: #ffffff;\">\n<td style=\"width: 30%;\"><span style=\"font-size: small;\">Stanis\u0142aw D\u0105browski<\/span><\/td>\n<td style=\"width: 10%; text-align: center;\"><span style=\"font-size: small;\">2 SP<\/span><\/td>\n<td style=\"width: 60%;\"><span style=\"font-size: x-small;\">Grand Prix Sztumu w Biegach Prze\u0142ajowych<\/span><\/td>\n<\/tr>\n<tr style=\"background-color: #ffffff;\">\n<td style=\"width: 30%;\"><span style=\"font-size: small;\">Kinga Felczak<\/span><\/td>\n<td style=\"width: 10%; text-align: center;\"><span style=\"font-size: small;\">5 SP<\/span><\/td>\n<td style=\"width: 60%;\"><span style=\"font-size: x-small;\">Grand Prix Sztumu w Biegach Prze\u0142ajowych<\/span><\/td>\n<\/tr>\n<tr style=\"background-color: #ffffff;\">\n<td style=\"width: 30%;\"><span style=\"font-size: small;\">Patryk Marzec<\/span><\/td>\n<td style=\"width: 10%; text-align: center;\"><span style=\"font-size: small;\">11 G<\/span><\/td>\n<td style=\"width: 60%;\"><span style=\"font-size: x-small;\">Grand Prix Sztumu w Biegach Prze\u0142ajowych<\/span><\/td>\n<\/tr>\n<tr style=\"background-color: #ffffff;\">\n<td style=\"width: 30%;\"><span style=\"font-size: small;\">Karolina Czarnecka<\/span><\/td>\n<td style=\"width: 10%; text-align: center;\"><span style=\"font-size: small;\">12 G<\/span><\/td>\n<td style=\"width: 60%;\"><span style=\"font-size: x-small;\">Grand Prix Sztumu w Biegach Prze\u0142ajowych<\/span><\/td>\n<\/tr>\n<tr style=\"background-color: #ffffff;\">\n<td style=\"width: 30%;\"><span style=\"font-size: small;\">Dominika D\u0105browska<\/span><\/td>\n<td style=\"width: 10%; text-align: center;\"><span style=\"font-size: small;\">13 G<\/span><\/td>\n<td style=\"width: 60%;\"><span style=\"font-size: x-small;\">Grand Prix Sztumu w Biegach Prze\u0142ajowych<\/span><\/td>\n<\/tr>\n<tr style=\"background-color: #ffffff;\">\n<td style=\"width: 30%;\"><span style=\"font-size: small;\">Stanis\u0142aw D\u0105browski<\/span><\/td>\n<td style=\"width: 10%; text-align: center;\"><span style=\"font-size: small;\">\u00a01 SP<\/span><\/td>\n<td style=\"width: 60%;\"><span style=\"font-size: x-small;\">Zimowe G. Prix Sztumu w Biegach Prze\u0142ajowych<\/span><\/td>\n<\/tr>\n<tr style=\"background-color: #ffffff;\">\n<td style=\"width: 30%;\"><span style=\"font-size: small;\">\u00a0Kinga Felczak<\/span><\/td>\n<td style=\"width: 10%; text-align: center;\"><span style=\"font-size: small;\">4 SP <\/span><\/td>\n<td style=\"width: 60%;\"><span style=\"font-size: x-small;\">Zimowe G. Prix Sztumu w Biegach Prze\u0142ajowych<\/span><\/td>\n<\/tr>\n<tr style=\"background-color: #ffffff;\">\n<td style=\"width: 30%;\"><span style=\"font-size: small;\">Dawid Mueller<\/span><\/td>\n<td style=\"width: 10%; text-align: center;\"><span style=\"font-size: small;\">6 SP<\/span><\/td>\n<td style=\"width: 60%;\"><span style=\"font-size: x-small;\">Zimowe G. Prix Sztumu w Biegach Prze\u0142ajowych<\/span><\/td>\n<\/tr>\n<tr style=\"background-color: #ffffff;\">\n<td style=\"width: 30%;\"><span style=\"font-size: small;\">Stanis\u0142aw D\u0105browski<\/span><\/td>\n<td style=\"width: 10%; text-align: center;\"><span style=\"font-size: small;\">2 SP<\/span><\/td>\n<td style=\"width: 60%;\"><span style=\"font-size: x-small;\">Mistrzostwa Powiatowe w Biegach Prze\u0142ajowych<\/span><\/td>\n<\/tr>\n<tr style=\"background-color: #ffffff;\">\n<td style=\"width: 30%;\"><span style=\"font-size: small;\">Kinga Felczak<\/span><\/td>\n<td style=\"width: 10%; text-align: center;\"><span style=\"font-size: small;\">2 SP<\/span><\/td>\n<td style=\"width: 60%;\"><span style=\"font-size: x-small;\">Mistrzostwa Powiatowe w Biegach Prze\u0142ajowych<\/span><\/td>\n<\/tr>\n<tr style=\"background-color: #ffffff;\">\n<td style=\"width: 30%;\"><span style=\"font-size: small;\">Sylwia Gr\u0119bowska<\/span><\/td>\n<td style=\"width: 10%; text-align: center;\"><span style=\"font-size: small;\">5 SP<\/span><\/td>\n<td style=\"width: 60%;\"><span style=\"font-size: x-small;\">Mistrzostwa Powiatowe w Biegach Prze\u0142ajowych<\/span><\/td>\n<\/tr>\n<tr style=\"background-color: #ffffff;\">\n<td style=\"width: 30%;\"><span style=\"font-size: small;\">Dominik S\u0142owicki<\/span><\/td>\n<td style=\"width: 10%; text-align: center;\"><span style=\"font-size: small;\">9 SP<\/span><\/td>\n<td style=\"width: 60%;\"><span style=\"font-size: x-small;\">Mistrzostwa Powiatowe w Biegach Prze\u0142ajowyc<\/span><\/td>\n<\/tr>\n<tr style=\"background-color: #ffffff;\">\n<td style=\"width: 30%;\"><span style=\"font-size: small;\">Dawid Tatara<\/span><\/td>\n<td style=\"width: 10%; text-align: center;\"><span style=\"font-size: small;\">9 G<\/span><\/td>\n<td style=\"width: 60%;\"><span style=\"font-size: x-small;\">Mistrzostwa Powiatowe w Biegach Prze\u0142ajowych<\/span><\/td>\n<\/tr>\n<tr style=\"background-color: #ffffff;\">\n<td style=\"width: 30%;\"><span style=\"font-size: small;\">Stanis\u0142aw D\u0105browski<\/span><\/td>\n<td style=\"width: 10%; text-align: center;\"><span style=\"font-size: small;\">3 SP<\/span><\/td>\n<td style=\"width: 60%;\"><span style=\"font-size: x-small;\">Mistrzostwa Wojew\u00f3dztwa w Biegach Prze\u0142ajowych<\/span><\/td>\n<\/tr>\n<tr style=\"background-color: #ffffff;\">\n<td style=\"width: 30%;\"><span style=\"font-size: small;\">Kinga Felczak<\/span><\/td>\n<td style=\"width: 10%; text-align: center;\"><span style=\"font-size: small;\">21 SP<\/span><\/td>\n<td style=\"width: 60%;\"><span style=\"font-size: x-small;\">Mistrzostwa Wojew\u00f3dztwa w Biegach Prze\u0142ajowych<\/span><\/td>\n<\/tr>\n<tr style=\"background-color: #ffffff;\">\n<td style=\"width: 30%;\"><span style=\"font-size: small;\">Stanis\u0142aw D\u0105browski<\/span><\/td>\n<td style=\"width: 10%; text-align: center;\"><span style=\"font-size: small;\">1 SP<\/span><\/td>\n<td style=\"width: 60%;\"><span style=\"font-size: x-small;\">Klubowe Mistrzostwa Wojew\u00f3dztwa w Biegach Prze\u0142ajowych<\/span><\/td>\n<\/tr>\n<tr style=\"background-color: #ffffff;\">\n<td style=\"width: 30%;\"><span style=\"font-size: small;\">Stanis\u0142aw D\u0105browski\u00a0 <\/span><\/td>\n<td style=\"width: 10%; text-align: center;\"><span style=\"font-size: small;\">\u00a03 SP<\/span><\/td>\n<td style=\"width: 60%;\"><span style=\"font-size: x-small;\">Bieg Unijny w Kwidzynie<\/span><\/td>\n<\/tr>\n<tr style=\"background-color: #ffffff;\">\n<td style=\"width: 30%;\"><span style=\"font-size: small;\">Dawid \u017bak<\/span><\/td>\n<td style=\"width: 10%; text-align: center;\"><span style=\"font-size: small;\">1 G<\/span><\/td>\n<td style=\"width: 60%;\"><span style=\"font-size: x-small;\">Powiatowa Gimnazjada LA (300 m.)<\/span><\/td>\n<\/tr>\n<tr style=\"background-color: #ffffff;\">\n<td style=\"width: 30%;\"><span style=\"font-size: small;\">Dawid \u017bak<\/span><\/td>\n<td style=\"width: 10%; text-align: center;\"><span style=\"font-size: small;\">3 G<\/span><\/td>\n<td style=\"width: 60%;\"><span style=\"font-size: x-small;\">Powiatowa Gimnazjada LA (kula)<\/span><\/td>\n<\/tr>\n<tr style=\"background-color: #ffffff;\">\n<td style=\"width: 30%;\"><span style=\"font-size: small;\">Karolina Czarnecka<\/span><\/td>\n<td style=\"width: 10%; text-align: center;\"><span style=\"font-size: small;\">2 G<\/span><\/td>\n<td style=\"width: 60%;\"><span style=\"font-size: x-small;\">Powiatowa Gimnazjada LA (600 m.)<\/span><\/td>\n<\/tr>\n<tr style=\"background-color: #ffffff;\">\n<td style=\"width: 30%;\"><span style=\"font-size: small;\">Dominika D\u0105browska<\/span><\/td>\n<td style=\"width: 10%; text-align: center;\"><span style=\"font-size: small;\">2 G<\/span><\/td>\n<td style=\"width: 60%;\"><span style=\"font-size: x-small;\">Powiatowa Gimnazjada LA (1000 m.)<\/span><\/td>\n<\/tr>\n<tr style=\"background-color: #ffffff;\">\n<td style=\"width: 30%;\"><span style=\"font-size: small;\">Dawid \u017bak<\/span><\/td>\n<td style=\"width: 10%; text-align: center;\"><span style=\"font-size: small;\">10 G<\/span><\/td>\n<td style=\"width: 60%;\"><span style=\"font-size: x-small;\">Wojew\u00f3dzka Gimnazjada LA (300 m.)<\/span><\/td>\n<\/tr>\n<tr style=\"background-color: #ffffff;\">\n<td style=\"width: 30%;\"><span style=\"font-size: small;\">Kinga Felczak<\/span><\/td>\n<td style=\"width: 10%; text-align: center;\"><span style=\"font-size: small;\">1 SP<\/span><\/td>\n<td style=\"width: 60%;\"><span style=\"font-size: x-small;\">Lekkoatletyczne czwartki- zawody powiatowe (skok w dal)<\/span><\/td>\n<\/tr>\n<tr style=\"background-color: #ffffff;\">\n<td style=\"width: 30%;\"><span style=\"font-size: small;\">Marcin Olejnik<\/span><\/td>\n<td style=\"width: 10%; text-align: center;\"><span style=\"font-size: small;\">3 SP<\/span><\/td>\n<td style=\"width: 60%;\"><span style=\"font-size: x-small;\">Lekkoatletyczne czwartki- zawody powiatowe (1000 m.)<\/span><\/td>\n<\/tr>\n<tr style=\"background-color: #ffffff;\">\n<td style=\"width: 30%;\"><span style=\"font-size: small;\">Patryk Lipi\u0144ski <\/span><\/td>\n<td style=\"width: 10%; text-align: center;\"><span style=\"font-size: small;\">3 SP<\/span><\/td>\n<td style=\"width: 60%;\"><span style=\"font-size: x-small;\">Lekkoatletyczne czwartki- zawody powiatowe (pi\u0142. palantowa)<\/span><\/td>\n<\/tr>\n<\/tbody>\n<\/table>\n<p>&nbsp;<\/p>\n<table border=\"0\">\n<tbody>\n<tr style=\"background-color: #66551f;\">\n<td style=\"text-align: center;\" colspan=\"3\"><span style=\"color: #ffffff;\">osi\u0105gni\u0119cia dru\u017cynowe<br \/>\n<\/span><\/td>\n<\/tr>\n<tr style=\"background-color: #819d32;\">\n<td style=\"width: 40%;\"><span style=\"font-size: small;\"><em>Kategoria<\/em><\/span><\/td>\n<td style=\"width: 10%;\"><span style=\"font-size: small;\"><em>miejsce<\/em><\/span><\/td>\n<td style=\"text-align: left;\"><span style=\"font-size: small;\"><em>zawody<\/em><\/span><\/td>\n<\/tr>\n<tr style=\"background-color: #ffffff;\">\n<td style=\"width: 40%;\"><span style=\"font-size: small;\">ch\u0142opcy GIM. Unihokej<\/span><\/td>\n<td style=\"width: 10%; text-align: center;\"><span style=\"font-size: small;\">3<\/span><\/td>\n<td style=\"width: 50%;\"><span style=\"font-size: small;\">zawody gminne<\/span><\/td>\n<\/tr>\n<tr style=\"background-color: #ffffff;\">\n<td style=\"width: 40%;\"><span style=\"font-size: small;\">dziewcz\u0119ta GIM. Unihokej<\/span><\/td>\n<td style=\"width: 10%; text-align: center;\"><span style=\"font-size: small;\">1<\/span><\/td>\n<td style=\"width: 50%;\"><span style=\"font-size: small;\">zawody gminne<\/span><\/td>\n<\/tr>\n<tr style=\"background-color: #ffffff;\">\n<td style=\"width: 40%;\"><span style=\"font-size: small;\">dziewcz\u0119ta GIM. Unihokej<\/span><\/td>\n<td style=\"width: 10%; text-align: center;\"><span style=\"font-size: small;\">2<\/span><\/td>\n<td style=\"width: 50%;\"><span style=\"font-size: small;\">zawody powiatowe<\/span><\/td>\n<\/tr>\n<tr style=\"background-color: #ffffff;\">\n<td style=\"width: 40%;\"><span style=\"font-size: small;\">ch\u0142opcy GIM. biegi prze\u0142ajowe<\/span><\/td>\n<td style=\"width: 10%; text-align: center;\"><span style=\"font-size: small;\">4<\/span><\/td>\n<td style=\"width: 50%;\"><span style=\"font-size: small;\">zawody powiatowe<\/span><\/td>\n<\/tr>\n<tr style=\"background-color: #ffffff;\">\n<td style=\"width: 40%;\"><span style=\"font-size: small;\">dziewcz\u0119ta 4-b\u00f3j LA<\/span><\/td>\n<td style=\"width: 10%; text-align: center;\"><span style=\"font-size: small;\">3<\/span><\/td>\n<td style=\"width: 50%;\"><span style=\"font-size: small;\">zawody powiatowe<\/span><\/td>\n<\/tr>\n<\/tbody>\n<\/table>\n","protected":false},"excerpt":{"rendered":"<p>osi\u0105gni\u0119cia indywidualne Imi\u0119 i nazwisko miejsce\/szko\u0142a zawody Stanis\u0142aw D\u0105browski \u00a02 SP LIWA CUP Karolina Czarnecka 2 G LIWA CUP Kinga\u00a0 Felczak 4 SP LIWA\u00a0 CUP Stanis\u0142aw D\u0105browski 5 SP Bieg Niepodleg\u0142o\u015bci Malbork Kinga Felczak 9 SP Bieg Niepodleg\u0142o\u015bci Malbork Stanis\u0142aw &hellip; <a href=\"http:\/\/zsrodowo.pl\/?page_id=800\">Czytaj dalej <span class=\"meta-nav\">&rarr;<\/span><\/a><\/p>\n","protected":false},"author":2,"featured_media":0,"parent":0,"menu_order":0,"comment_status":"closed","ping_status":"closed","template":"","meta":{"footnotes":""},"class_list":["post-800","page","type-page","status-publish","hentry"],"_links":{"self":[{"href":"http:\/\/zsrodowo.pl\/index.php?rest_route=\/wp\/v2\/pages\/800","targetHints":{"allow":["GET"]}}],"collection":[{"href":"http:\/\/zsrodowo.pl\/index.php?rest_route=\/wp\/v2\/pages"}],"about":[{"href":"http:\/\/zsrodowo.pl\/index.php?rest_route=\/wp\/v2\/types\/page"}],"author":[{"embeddable":true,"href":"http:\/\/zsrodowo.pl\/index.php?rest_route=\/wp\/v2\/users\/2"}],"replies":[{"embeddable":true,"href":"http:\/\/zsrodowo.pl\/index.php?rest_route=%2Fwp%2Fv2%2Fcomments&post=800"}],"version-history":[{"count":6,"href":"http:\/\/zsrodowo.pl\/index.php?rest_route=\/wp\/v2\/pages\/800\/revisions"}],"predecessor-version":[{"id":809,"href":"http:\/\/zsrodowo.pl\/index.php?rest_route=\/wp\/v2\/pages\/800\/revisions\/809"}],"wp:attachment":[{"href":"http:\/\/zsrodowo.pl\/index.php?rest_route=%2Fwp%2Fv2%2Fmedia&parent=800"}],"curies":[{"name":"wp","href":"https:\/\/api.w.org\/{rel}","templated":true}]}}