{"id":81,"date":"2012-02-09T19:05:32","date_gmt":"2012-02-09T19:05:32","guid":{"rendered":"http:\/\/zsrodowo.pl\/?page_id=81"},"modified":"2012-12-17T07:16:56","modified_gmt":"2012-12-17T07:16:56","slug":"projekt-edukacyjny","status":"publish","type":"page","link":"http:\/\/zsrodowo.pl\/?page_id=81","title":{"rendered":"Projekt edukacyjny 2011\/12"},"content":{"rendered":"<p style=\"text-align: justify;\">W nowej podstawie programowej w gimnazjum jako jeden ze sposob\u00f3w realizacji tre\u015bci wskazano metod\u0119 projektu edukacyjnego. Warunkiem uko\u0144czenia gimnazjum jest uczestnictwo uczni\u00f3w klasy II gimnazjum w projekcie. W roku szkolnym 2011\/2012 uczniowie naszego gimnazjum brali udzia\u0142 w nast\u0119puj\u0105cych projektach edukacyjnych:<\/p>\n<p>1. Informatyka- p. Micha\u0142 Skowro\u0144ski &#8222;Szkolna strona internetowa&#8221;,<br \/>\n2. Historia- p. Ma\u0142gorzata Longinus &#8222;Wywiad z ciekawym cz\u0142owiekiem&#8221;,<br \/>\n3. J\u0119zyk polski- p. Joanna Stefanowska &#8222;Rodowo-spotkania ze sztuk\u0105&#8221;,<br \/>\n4. J\u0119zyk angielski- p. Natalia Tsmukh &#8222;Rodowo invites You&#8221;<\/p>\n<table style=\"width: 100%;\" border=\"0\">\n<tbody>\n<tr style=\"background-color: #ffffff;\">\n<td style=\"width: 90%;\"><span><em><\/em>Prezentacja multimedialna- &#8222;Wywiad z ciekawym cz\u0142owiekiem&#8221;<\/span><\/td>\n<td style=\"width: 10%; text-align: left;\" colspan=\"2\"><a href=\"dokumenty\/projekt_edukacyjny\/2011_2012\/wywiad.pptx\"><img decoding=\"async\" src=\"dokumenty\/grafika\/\/graf\/ikonka_ppt.gif\" alt=\"\" \/><\/a><\/td>\n<\/tr>\n<tr style=\"background-color: #ffffff;\">\n<td style=\"width: 90%;\"><span>Prezentacja multimedialna- &#8222;Rodowo-spotkanie ze sztuk\u0105&#8221;<\/span><\/td>\n<td style=\"width: 10%; text-align: left;\" colspan=\"2\"><a href=\"dokumenty\/projekt_edukacyjny\/2011_2012\/rodowo_spotkanie.pptx\"><img decoding=\"async\" src=\"dokumenty\/grafika\/\/graf\/ikonka_ppt.gif\" alt=\"\" \/><\/a><\/td>\n<\/tr>\n<tr style=\"background-color: #ffffff;\">\n<td style=\"width: 90%;\"><span>Prezentacja multimedialna- &#8222;Rodowo invites You&#8221;<\/span><\/td>\n<td style=\"width: 10%; text-align: left;\" colspan=\"2\"><a href=\"dokumenty\/projekt_edukacyjny\/2011_2012\/rodowo_invites.pptx\"><img decoding=\"async\" src=\"dokumenty\/grafika\/\/graf\/ikonka_ppt.gif\" alt=\"\" \/><\/a><\/td>\n<\/tr>\n<\/tbody>\n<\/table>\n","protected":false},"excerpt":{"rendered":"<p>W nowej podstawie programowej w gimnazjum jako jeden ze sposob\u00f3w realizacji tre\u015bci wskazano metod\u0119 projektu edukacyjnego. Warunkiem uko\u0144czenia gimnazjum jest uczestnictwo uczni\u00f3w klasy II gimnazjum w projekcie. W roku szkolnym 2011\/2012 uczniowie naszego gimnazjum brali udzia\u0142 w nast\u0119puj\u0105cych projektach edukacyjnych: &hellip; <a href=\"http:\/\/zsrodowo.pl\/?page_id=81\">Czytaj dalej <span class=\"meta-nav\">&rarr;<\/span><\/a><\/p>\n","protected":false},"author":2,"featured_media":0,"parent":0,"menu_order":0,"comment_status":"closed","ping_status":"closed","template":"","meta":{"footnotes":""},"class_list":["post-81","page","type-page","status-publish","hentry"],"_links":{"self":[{"href":"http:\/\/zsrodowo.pl\/index.php?rest_route=\/wp\/v2\/pages\/81","targetHints":{"allow":["GET"]}}],"collection":[{"href":"http:\/\/zsrodowo.pl\/index.php?rest_route=\/wp\/v2\/pages"}],"about":[{"href":"http:\/\/zsrodowo.pl\/index.php?rest_route=\/wp\/v2\/types\/page"}],"author":[{"embeddable":true,"href":"http:\/\/zsrodowo.pl\/index.php?rest_route=\/wp\/v2\/users\/2"}],"replies":[{"embeddable":true,"href":"http:\/\/zsrodowo.pl\/index.php?rest_route=%2Fwp%2Fv2%2Fcomments&post=81"}],"version-history":[{"count":10,"href":"http:\/\/zsrodowo.pl\/index.php?rest_route=\/wp\/v2\/pages\/81\/revisions"}],"predecessor-version":[{"id":972,"href":"http:\/\/zsrodowo.pl\/index.php?rest_route=\/wp\/v2\/pages\/81\/revisions\/972"}],"wp:attachment":[{"href":"http:\/\/zsrodowo.pl\/index.php?rest_route=%2Fwp%2Fv2%2Fmedia&parent=81"}],"curies":[{"name":"wp","href":"https:\/\/api.w.org\/{rel}","templated":true}]}}